{"id":2460,"date":"2018-08-07T08:59:47","date_gmt":"2018-08-07T06:59:47","guid":{"rendered":"https:\/\/wmp.mx\/?page_id=2460"},"modified":"2022-03-02T14:37:47","modified_gmt":"2022-03-02T13:37:47","slug":"faq","status":"publish","type":"page","link":"https:\/\/wmp.mx\/es\/faq\/","title":{"rendered":"FAQ"},"content":{"rendered":"\n<style type=\"text\/css\" data-created_by=\"avia_inline_auto\" id=\"style-css-av-jj8d0431-19bb825836f61ca7487316404de76e1a\">\n.avia-section.av-jj8d0431-19bb825836f61ca7487316404de76e1a{\nbackground-repeat:no-repeat;\nbackground-image:url(https:\/\/wmp.mx\/UP1\/wp-content\/uploads\/wmp_graifk_2.png);\nbackground-position:0% 0%;\nbackground-attachment:scroll;\n}\n<\/style>\n<div id='av_section_1'  class='avia-section av-jj8d0431-19bb825836f61ca7487316404de76e1a main_color avia-section-default avia-no-border-styling  avia-builder-el-0  el_before_av_one_full  avia-builder-el-first  avia-bg-style-scroll av-minimum-height av-minimum-height-25 av-height-25  container_wrap fullsize'  data-section-bg-repeat='no-repeat' data-av_minimum_height_pc='25' data-av_min_height_opt='25'><div class='container av-section-cont-open' ><main  role=\"main\" itemprop=\"mainContentOfPage\"  class='template-page content  av-content-full alpha units'><div class='post-entry post-entry-type-page post-entry-2460'><div class='entry-content-wrapper clearfix'>\n\n<style type=\"text\/css\" data-created_by=\"avia_inline_auto\" id=\"style-css-av-jlmqai67-294ac1538dde89cb8c39a9b81ac80927\">\n#top .av-special-heading.av-jlmqai67-294ac1538dde89cb8c39a9b81ac80927{\npadding-bottom:10px;\ncolor:#ffffff;\nfont-size:65px;\n}\nbody .av-special-heading.av-jlmqai67-294ac1538dde89cb8c39a9b81ac80927 .av-special-heading-tag .heading-char{\nfont-size:25px;\n}\n#top #wrap_all .av-special-heading.av-jlmqai67-294ac1538dde89cb8c39a9b81ac80927 .av-special-heading-tag{\nfont-size:65px;\n}\n.av-special-heading.av-jlmqai67-294ac1538dde89cb8c39a9b81ac80927 .special-heading-inner-border{\nborder-color:#ffffff;\n}\n.av-special-heading.av-jlmqai67-294ac1538dde89cb8c39a9b81ac80927 .av-subheading{\nfont-size:15px;\n}\n\n@media only screen and (min-width: 480px) and (max-width: 767px){ \n#top #wrap_all .av-special-heading.av-jlmqai67-294ac1538dde89cb8c39a9b81ac80927 .av-special-heading-tag{\nfont-size:0.8em;\n}\n}\n\n@media only screen and (max-width: 479px){ \n#top #wrap_all .av-special-heading.av-jlmqai67-294ac1538dde89cb8c39a9b81ac80927 .av-special-heading-tag{\nfont-size:0.8em;\n}\n}\n<\/style>\n<div  class='av-special-heading av-jlmqai67-294ac1538dde89cb8c39a9b81ac80927 av-special-heading-h1 custom-color-heading blockquote modern-quote  avia-builder-el-1  avia-builder-el-no-sibling  av-inherit-size'><h1 class='av-special-heading-tag '  itemprop=\"headline\"  >FAQ &#8211; Preguntas frecuentes<\/h1><div class=\"special-heading-border\"><div class=\"special-heading-inner-border\"><\/div><\/div><\/div>\n<\/div><\/div><\/main><!-- close content main element --><\/div><\/div><div id='after_section_1'  class='main_color av_default_container_wrap container_wrap fullsize'  ><div class='container av-section-cont-open' ><div class='template-page content  av-content-full alpha units'><div class='post-entry post-entry-type-page post-entry-2460'><div class='entry-content-wrapper clearfix'>\n\n<style type=\"text\/css\" data-created_by=\"avia_inline_auto\" id=\"style-css-av-clep29-7c41ae114c25bdfef3a860536621e2c9\">\n.flex_column.av-clep29-7c41ae114c25bdfef3a860536621e2c9{\nborder-radius:0px 0px 0px 0px;\npadding:0px 0px 0px 0px;\n}\n<\/style>\n<div  class='flex_column av-clep29-7c41ae114c25bdfef3a860536621e2c9 av_one_full  avia-builder-el-2  el_after_av_section  el_before_av_textblock  avia-builder-el-first  first flex_column_div av-zero-column-padding  '     ><div  class='togglecontainer av-jj8d6t5p-fdef2b7f450351794386d37e173d4836 av-minimal-toggle  avia-builder-el-3  avia-builder-el-no-sibling  toggle_close_all' >\n<section class='av_toggle_section av-ae94rg-9362d34b2bbe597811691a27a813380c'  itemscope=\"itemscope\" itemtype=\"https:\/\/schema.org\/CreativeWork\" ><div role=\"tablist\" class=\"single_toggle\" data-tags=\"{Todo} \"  ><p id='toggle-toggle-id-1' data-fake-id='#toggle-id-1' class='toggler  av-title-above '  itemprop=\"headline\"  role='tab' tabindex='0' aria-controls='toggle-id-1' data-slide-speed=\"200\" data-title=\"\u00bfPor qu\u00e9 externalizar procesos de negocio (BPO) en M\u00e9xico?\" data-title-open=\"\" data-aria_collapsed=\"Click to expand: \u00bfPor qu\u00e9 externalizar procesos de negocio (BPO) en M\u00e9xico?\" data-aria_expanded=\"Click to collapse: \u00bfPor qu\u00e9 externalizar procesos de negocio (BPO) en M\u00e9xico?\">\u00bfPor qu\u00e9 externalizar procesos de negocio (BPO) en M\u00e9xico?<span class=\"toggle_icon\"><span class=\"vert_icon\"><\/span><span class=\"hor_icon\"><\/span><\/span><\/p><div id='toggle-id-1' aria-labelledby='toggle-toggle-id-1' role='region' class='toggle_wrap  av-title-above'  ><div class='toggle_content invers-color '  itemprop=\"text\" ><ul>\n<li>Reducci\u00f3n de costos.<\/li>\n<li>Previsibilidad de costos.<\/li>\n<li>Actualizaciones constantes en \u00e1reas espec\u00edficas con el apoyo de nuestros especialistas.<\/li>\n<li>Garantiza el cumplimiento de leyes y regulaciones en constante cambio.<\/li>\n<li>Le permite concentrarse en su actividad principal de negocios.<\/li>\n<li>Incrementa la calidad y la eficiencia.<\/li>\n<li>Disminuye el espacio necesario de oficinas y reduce los procesos de gesti\u00f3n de la empresa.<\/li>\n<li>Ofrece una soluci\u00f3n a la rotaci\u00f3n de empleados en un mercado laboral altamente din\u00e1mico.<\/li>\n<\/ul>\n<\/div><\/div><\/div><\/section>\n<section class='av_toggle_section av-8pq7ek-241100126aa9bce0ded44b53ae9dd6cf'  itemscope=\"itemscope\" itemtype=\"https:\/\/schema.org\/CreativeWork\" ><div role=\"tablist\" class=\"single_toggle\" data-tags=\"{Todo} \"  ><p id='toggle-toggle-id-2' data-fake-id='#toggle-id-2' class='toggler  av-title-above '  itemprop=\"headline\"  role='tab' tabindex='0' aria-controls='toggle-id-2' data-slide-speed=\"200\" data-title=\"\u00bfPor qu\u00e9 trabajar con WMP Mexico Advisors?\" data-title-open=\"\" data-aria_collapsed=\"Click to expand: \u00bfPor qu\u00e9 trabajar con WMP Mexico Advisors?\" data-aria_expanded=\"Click to collapse: \u00bfPor qu\u00e9 trabajar con WMP Mexico Advisors?\">\u00bfPor qu\u00e9 trabajar con WMP Mexico Advisors?<span class=\"toggle_icon\"><span class=\"vert_icon\"><\/span><span class=\"hor_icon\"><\/span><\/span><\/p><div id='toggle-id-2' aria-labelledby='toggle-toggle-id-2' role='region' class='toggle_wrap  av-title-above'  ><div class='toggle_content invers-color '  itemprop=\"text\" ><ul>\n<li>WMP es su socio de confianza en M\u00e9xico.<\/li>\n<li>Somos una firma consolidada que ofrece consultor\u00eda fiscal, asesor\u00eda jur\u00eddica y consultor\u00eda de negocios especializada en la atenci\u00f3n de empresas medianas internacionales.<\/li>\n<li>Nos especializamos exclusivamente en M\u00e9xico.<\/li>\n<li>Ofrecemos la atenci\u00f3n de especialistas mexicanos certificados en temas fiscales y contables.<\/li>\n<li>Garantizamos el cumplimiento de las leyes y regulaciones locales.<\/li>\n<li>WMP es dirigido por un equipo internacional de socios, cada uno con m\u00e1s de 15 a\u00f1os de experiencia local en M\u00e9xico.<\/li>\n<li>Contamos una extensa red de contactos y alianzas dentro de la econom\u00eda y la pol\u00edtica local.<\/li>\n<li>Un Gerente multiling\u00fce para Cuentas Estrat\u00e9gica ser\u00e1 su persona de contacto para el d\u00eda a d\u00eda de sus negocios.<\/li>\n<li>WMP tiene oficinas en Quer\u00e9taro, Ciudad de M\u00e9xico, Puebla y Monterrey y oficinas de representaci\u00f3n en Stuttgart (Alemania) y Greenville (E.U.A.) y Shanghai (China)<\/li>\n<li>Hemos prestado nuestros servicios a m\u00e1s de 200 clientes satisfechos en diversas industrias y pa\u00edses.<\/li>\n<li>Nuestros valores son la honestidad, eficiencia, confidencialidad y puntualidad.<\/li>\n<\/ul>\n<\/div><\/div><\/div><\/section>\n<section class='av_toggle_section av-88ikb0-6290ae4b8b85cb72fdc8565cea0ed1d1'  itemscope=\"itemscope\" itemtype=\"https:\/\/schema.org\/CreativeWork\" ><div role=\"tablist\" class=\"single_toggle\" data-tags=\"{Todo} \"  ><p id='toggle-toggle-id-3' data-fake-id='#toggle-id-3' class='toggler  av-title-above '  itemprop=\"headline\"  role='tab' tabindex='0' aria-controls='toggle-id-3' data-slide-speed=\"200\" data-title=\"\u00bfPor qu\u00e9 elegir M\u00e9xico como centro de negocios?\" data-title-open=\"\" data-aria_collapsed=\"Click to expand: \u00bfPor qu\u00e9 elegir M\u00e9xico como centro de negocios?\" data-aria_expanded=\"Click to collapse: \u00bfPor qu\u00e9 elegir M\u00e9xico como centro de negocios?\">\u00bfPor qu\u00e9 elegir M\u00e9xico como centro de negocios?<span class=\"toggle_icon\"><span class=\"vert_icon\"><\/span><span class=\"hor_icon\"><\/span><\/span><\/p><div id='toggle-id-3' aria-labelledby='toggle-toggle-id-3' role='region' class='toggle_wrap  av-title-above'  ><div class='toggle_content invers-color '  itemprop=\"text\" ><ul>\n<li>Su proximidad y acceso libre de aranceles al mercado de los Estados Unidos.<\/li>\n<li>Cuenta con un volumen en comercio exterior de 810 mil millones USD (el doble que Brasil, la econom\u00eda m\u00e1s grande de Am\u00e9rica Latina).<\/li>\n<li>Su econom\u00eda de exportaci\u00f3n es muy competitiva.<\/li>\n<li>Cuenta con 46 tratados de libre comercio.<\/li>\n<li>Cuenta con infraestructura industrial disponible.<\/li>\n<li>Posee un gran mercado dom\u00e9stico.<\/li>\n<\/ul>\n<\/div><\/div><\/div><\/section>\n<section class='av_toggle_section av-570iq4-b9f1588ea63ad1f508bf4082184644b2'  itemscope=\"itemscope\" itemtype=\"https:\/\/schema.org\/CreativeWork\" ><div role=\"tablist\" class=\"single_toggle\" data-tags=\"{Todo} \"  ><p id='toggle-toggle-id-4' data-fake-id='#toggle-id-4' class='toggler  av-title-above '  itemprop=\"headline\"  role='tab' tabindex='0' aria-controls='toggle-id-4' data-slide-speed=\"200\" data-title=\"\u00bfQu\u00e9 oportunidades ofrece M\u00e9xico como centro de negocios?\" data-title-open=\"\" data-aria_collapsed=\"Click to expand: \u00bfQu\u00e9 oportunidades ofrece M\u00e9xico como centro de negocios?\" data-aria_expanded=\"Click to collapse: \u00bfQu\u00e9 oportunidades ofrece M\u00e9xico como centro de negocios?\">\u00bfQu\u00e9 oportunidades ofrece M\u00e9xico como centro de negocios?<span class=\"toggle_icon\"><span class=\"vert_icon\"><\/span><span class=\"hor_icon\"><\/span><\/span><\/p><div id='toggle-id-4' aria-labelledby='toggle-toggle-id-4' role='region' class='toggle_wrap  av-title-above'  ><div class='toggle_content invers-color '  itemprop=\"text\" ><ul>\n<li>2019: 3,2 millones de coches fabricados (6\u00ba en la producci\u00f3n mundial de coches).<\/li>\n<li>Cuenta con tratados de libre comercio firmados con pa\u00edses Sudamericanos y del Pac\u00edfico.<\/li>\n<li>Proyectos de infraestructura para el transporte.<\/li>\n<li>Liberalizaci\u00f3n de las industrias de energ\u00eda y petr\u00f3leo.<\/li>\n<li>Gran competitividad como plataforma de exportaci\u00f3n.<\/li>\n<li>Mejora de la imagen del pa\u00eds.<\/li>\n<\/ul>\n<\/div><\/div><\/div><\/section>\n<section class='av_toggle_section av-3x5ppo-06569658038347cc10e67bc3408e2d2b'  itemscope=\"itemscope\" itemtype=\"https:\/\/schema.org\/CreativeWork\" ><div role=\"tablist\" class=\"single_toggle\" data-tags=\"{Todo} \"  ><p id='toggle-toggle-id-5' data-fake-id='#toggle-id-5' class='toggler  av-title-above '  itemprop=\"headline\"  role='tab' tabindex='0' aria-controls='toggle-id-5' data-slide-speed=\"200\" data-title=\"\u00bfCu\u00e1les son los riesgos potenciales de elegir a M\u00e9xico como centro de negocios?\" data-title-open=\"\" data-aria_collapsed=\"Click to expand: \u00bfCu\u00e1les son los riesgos potenciales de elegir a M\u00e9xico como centro de negocios?\" data-aria_expanded=\"Click to collapse: \u00bfCu\u00e1les son los riesgos potenciales de elegir a M\u00e9xico como centro de negocios?\">\u00bfCu\u00e1les son los riesgos potenciales de elegir a M\u00e9xico como centro de negocios?<span class=\"toggle_icon\"><span class=\"vert_icon\"><\/span><span class=\"hor_icon\"><\/span><\/span><\/p><div id='toggle-id-5' aria-labelledby='toggle-toggle-id-5' role='region' class='toggle_wrap  av-title-above'  ><div class='toggle_content invers-color '  itemprop=\"text\" ><ul>\n<li>Barreras arancelarias por parte de los Estados Unidos.<\/li>\n<li>Ralentizaci\u00f3n de la econom\u00eda en los Estados Unidos.<\/li>\n<li>Devaluaci\u00f3n monetaria.<\/li>\n<li>Bajos precios del petr\u00f3leo.<\/li>\n<li>La situaci\u00f3n de seguridad.<\/li>\n<\/ul>\n<\/div><\/div><\/div><\/section>\n<\/div><\/div><section  class='av_textblock_section av-2ylprg-79bcb8995afd6a56d1a893fe3fd1015e '   itemscope=\"itemscope\" itemtype=\"https:\/\/schema.org\/CreativeWork\" ><div class='avia_textblock'  itemprop=\"text\" ><\/div><\/section><\/p>\n","protected":false},"excerpt":{"rendered":"","protected":false},"author":9,"featured_media":0,"parent":0,"menu_order":0,"comment_status":"closed","ping_status":"closed","template":"","meta":{"footnotes":""},"class_list":["post-2460","page","type-page","status-publish","hentry"],"yoast_head":"<!-- This site is optimized with the Yoast SEO plugin v27.4 - https:\/\/yoast.com\/product\/yoast-seo-wordpress\/ -->\n<title>Factores locales de M\u00e9xico - WMP Mexico Advisors<\/title>\n<meta name=\"description\" content=\"Los factores locales de M\u00e9xico ofrecen condiciones atractivas para crear una sucursal. Ventajas, debilidades, oportunidades y riesgos en resumen.\" \/>\n<meta name=\"robots\" content=\"index, follow, max-snippet:-1, max-image-preview:large, max-video-preview:-1\" \/>\n<link rel=\"canonical\" href=\"https:\/\/wmp.mx\/es\/faq\/\" \/>\n<meta property=\"og:locale\" content=\"es_ES\" \/>\n<meta property=\"og:type\" content=\"article\" \/>\n<meta property=\"og:title\" content=\"Factores locales de M\u00e9xico - WMP Mexico Advisors\" \/>\n<meta property=\"og:description\" content=\"Los factores locales de M\u00e9xico ofrecen condiciones atractivas para crear una sucursal. Ventajas, debilidades, oportunidades y riesgos en resumen.\" \/>\n<meta property=\"og:url\" content=\"https:\/\/wmp.mx\/es\/faq\/\" \/>\n<meta property=\"og:site_name\" content=\"WMP Mexico Advisors\" \/>\n<meta property=\"article:modified_time\" content=\"2022-03-02T13:37:47+00:00\" \/>\n<meta name=\"twitter:card\" content=\"summary_large_image\" \/>\n<meta name=\"twitter:label1\" content=\"Est. reading time\" \/>\n\t<meta name=\"twitter:data1\" content=\"5 minutes\" \/>\n<script type=\"application\/ld+json\" class=\"yoast-schema-graph\">{\"@context\":\"https:\\\/\\\/schema.org\",\"@graph\":[{\"@type\":\"WebPage\",\"@id\":\"https:\\\/\\\/wmp.mx\\\/es\\\/faq\\\/\",\"url\":\"https:\\\/\\\/wmp.mx\\\/es\\\/faq\\\/\",\"name\":\"Factores locales de M\u00e9xico - WMP Mexico Advisors\",\"isPartOf\":{\"@id\":\"https:\\\/\\\/wmp.mx\\\/#website\"},\"datePublished\":\"2018-08-07T06:59:47+00:00\",\"dateModified\":\"2022-03-02T13:37:47+00:00\",\"description\":\"Los factores locales de M\u00e9xico ofrecen condiciones atractivas para crear una sucursal. Ventajas, debilidades, oportunidades y riesgos en resumen.\",\"breadcrumb\":{\"@id\":\"https:\\\/\\\/wmp.mx\\\/es\\\/faq\\\/#breadcrumb\"},\"inLanguage\":\"es-ES\",\"potentialAction\":[{\"@type\":\"ReadAction\",\"target\":[\"https:\\\/\\\/wmp.mx\\\/es\\\/faq\\\/\"]}]},{\"@type\":\"BreadcrumbList\",\"@id\":\"https:\\\/\\\/wmp.mx\\\/es\\\/faq\\\/#breadcrumb\",\"itemListElement\":[{\"@type\":\"ListItem\",\"position\":1,\"name\":\"Startseite\",\"item\":\"https:\\\/\\\/wmp.mx\\\/es\\\/inicio\\\/\"},{\"@type\":\"ListItem\",\"position\":2,\"name\":\"FAQ\"}]},{\"@type\":\"WebSite\",\"@id\":\"https:\\\/\\\/wmp.mx\\\/#website\",\"url\":\"https:\\\/\\\/wmp.mx\\\/\",\"name\":\"WMP Mexico Advisors\",\"description\":\"Queretaro | Mexiko Stadt | Puebla | Stuttgart | Greenville\",\"potentialAction\":[{\"@type\":\"SearchAction\",\"target\":{\"@type\":\"EntryPoint\",\"urlTemplate\":\"https:\\\/\\\/wmp.mx\\\/?s={search_term_string}\"},\"query-input\":{\"@type\":\"PropertyValueSpecification\",\"valueRequired\":true,\"valueName\":\"search_term_string\"}}],\"inLanguage\":\"es-ES\"}]}<\/script>\n<!-- \/ Yoast SEO plugin. -->","yoast_head_json":{"title":"Factores locales de M\u00e9xico - WMP Mexico Advisors","description":"Los factores locales de M\u00e9xico ofrecen condiciones atractivas para crear una sucursal. Ventajas, debilidades, oportunidades y riesgos en resumen.","robots":{"index":"index","follow":"follow","max-snippet":"max-snippet:-1","max-image-preview":"max-image-preview:large","max-video-preview":"max-video-preview:-1"},"canonical":"https:\/\/wmp.mx\/es\/faq\/","og_locale":"es_ES","og_type":"article","og_title":"Factores locales de M\u00e9xico - WMP Mexico Advisors","og_description":"Los factores locales de M\u00e9xico ofrecen condiciones atractivas para crear una sucursal. Ventajas, debilidades, oportunidades y riesgos en resumen.","og_url":"https:\/\/wmp.mx\/es\/faq\/","og_site_name":"WMP Mexico Advisors","article_modified_time":"2022-03-02T13:37:47+00:00","twitter_card":"summary_large_image","twitter_misc":{"Est. reading time":"5 minutes"},"schema":{"@context":"https:\/\/schema.org","@graph":[{"@type":"WebPage","@id":"https:\/\/wmp.mx\/es\/faq\/","url":"https:\/\/wmp.mx\/es\/faq\/","name":"Factores locales de M\u00e9xico - WMP Mexico Advisors","isPartOf":{"@id":"https:\/\/wmp.mx\/#website"},"datePublished":"2018-08-07T06:59:47+00:00","dateModified":"2022-03-02T13:37:47+00:00","description":"Los factores locales de M\u00e9xico ofrecen condiciones atractivas para crear una sucursal. Ventajas, debilidades, oportunidades y riesgos en resumen.","breadcrumb":{"@id":"https:\/\/wmp.mx\/es\/faq\/#breadcrumb"},"inLanguage":"es-ES","potentialAction":[{"@type":"ReadAction","target":["https:\/\/wmp.mx\/es\/faq\/"]}]},{"@type":"BreadcrumbList","@id":"https:\/\/wmp.mx\/es\/faq\/#breadcrumb","itemListElement":[{"@type":"ListItem","position":1,"name":"Startseite","item":"https:\/\/wmp.mx\/es\/inicio\/"},{"@type":"ListItem","position":2,"name":"FAQ"}]},{"@type":"WebSite","@id":"https:\/\/wmp.mx\/#website","url":"https:\/\/wmp.mx\/","name":"WMP Mexico Advisors","description":"Queretaro | Mexiko Stadt | Puebla | Stuttgart | Greenville","potentialAction":[{"@type":"SearchAction","target":{"@type":"EntryPoint","urlTemplate":"https:\/\/wmp.mx\/?s={search_term_string}"},"query-input":{"@type":"PropertyValueSpecification","valueRequired":true,"valueName":"search_term_string"}}],"inLanguage":"es-ES"}]}},"_links":{"self":[{"href":"https:\/\/wmp.mx\/es\/wp-json\/wp\/v2\/pages\/2460","targetHints":{"allow":["GET"]}}],"collection":[{"href":"https:\/\/wmp.mx\/es\/wp-json\/wp\/v2\/pages"}],"about":[{"href":"https:\/\/wmp.mx\/es\/wp-json\/wp\/v2\/types\/page"}],"author":[{"embeddable":true,"href":"https:\/\/wmp.mx\/es\/wp-json\/wp\/v2\/users\/9"}],"replies":[{"embeddable":true,"href":"https:\/\/wmp.mx\/es\/wp-json\/wp\/v2\/comments?post=2460"}],"version-history":[{"count":2,"href":"https:\/\/wmp.mx\/es\/wp-json\/wp\/v2\/pages\/2460\/revisions"}],"predecessor-version":[{"id":9239,"href":"https:\/\/wmp.mx\/es\/wp-json\/wp\/v2\/pages\/2460\/revisions\/9239"}],"wp:attachment":[{"href":"https:\/\/wmp.mx\/es\/wp-json\/wp\/v2\/media?parent=2460"}],"curies":[{"name":"wp","href":"https:\/\/api.w.org\/{rel}","templated":true}]}}