{"id":2464,"date":"2018-08-07T09:11:36","date_gmt":"2018-08-07T07:11:36","guid":{"rendered":"https:\/\/wmp.mx\/?page_id=2464"},"modified":"2022-07-06T21:06:59","modified_gmt":"2022-07-06T19:06:59","slug":"contacto-2","status":"publish","type":"page","link":"https:\/\/wmp.mx\/es\/contacto-2\/","title":{"rendered":"Contacto"},"content":{"rendered":"\n<style type=\"text\/css\" data-created_by=\"avia_inline_auto\" id=\"style-css-av-jiobwy28-c4994b6725d5f66c1040c484441d74b1\">\n.avia-section.av-jiobwy28-c4994b6725d5f66c1040c484441d74b1{\nbackground-repeat:no-repeat;\nbackground-image:url(https:\/\/wmp.mx\/UP1\/wp-content\/uploads\/wmp_graifk_2.png);\nbackground-position:0% 0%;\nbackground-attachment:scroll;\n}\n<\/style>\n<div id='av_section_1'  class='avia-section av-jiobwy28-c4994b6725d5f66c1040c484441d74b1 main_color avia-section-default avia-no-border-styling  avia-builder-el-0  el_before_av_section  avia-builder-el-first  avia-bg-style-scroll av-minimum-height av-minimum-height-25 av-height-25  container_wrap fullsize'  data-section-bg-repeat='no-repeat' data-av_minimum_height_pc='25' data-av_min_height_opt='25'><div class='container av-section-cont-open' ><main  role=\"main\" itemprop=\"mainContentOfPage\"  class='template-page content  av-content-full alpha units'><div class='post-entry post-entry-type-page post-entry-2464'><div class='entry-content-wrapper clearfix'>\n\n<style type=\"text\/css\" data-created_by=\"avia_inline_auto\" id=\"style-css-av-jrci39ca-4d7926d9b75f67f0a885a96546f9abd9\">\n#top .av-special-heading.av-jrci39ca-4d7926d9b75f67f0a885a96546f9abd9{\npadding-bottom:10px;\ncolor:#ffffff;\nfont-size:65px;\n}\nbody .av-special-heading.av-jrci39ca-4d7926d9b75f67f0a885a96546f9abd9 .av-special-heading-tag .heading-char{\nfont-size:25px;\n}\n#top #wrap_all .av-special-heading.av-jrci39ca-4d7926d9b75f67f0a885a96546f9abd9 .av-special-heading-tag{\nfont-size:65px;\n}\n.av-special-heading.av-jrci39ca-4d7926d9b75f67f0a885a96546f9abd9 .special-heading-inner-border{\nborder-color:#ffffff;\n}\n.av-special-heading.av-jrci39ca-4d7926d9b75f67f0a885a96546f9abd9 .av-subheading{\nfont-size:15px;\n}\n\n@media only screen and (min-width: 480px) and (max-width: 767px){ \n#top #wrap_all .av-special-heading.av-jrci39ca-4d7926d9b75f67f0a885a96546f9abd9 .av-special-heading-tag{\nfont-size:0.8em;\n}\n}\n\n@media only screen and (max-width: 479px){ \n#top #wrap_all .av-special-heading.av-jrci39ca-4d7926d9b75f67f0a885a96546f9abd9 .av-special-heading-tag{\nfont-size:0.8em;\n}\n}\n<\/style>\n<div  class='av-special-heading av-jrci39ca-4d7926d9b75f67f0a885a96546f9abd9 av-special-heading-h1 custom-color-heading blockquote modern-quote  avia-builder-el-1  avia-builder-el-no-sibling  av-inherit-size av-linked-heading'><h1 class='av-special-heading-tag '  itemprop=\"headline\"  >Quer\u00e9taro I Ciudad de M\u00e9xico I Puebla I Monterrey I Stuttgart I Greenville I Shanghai<\/h1><div class=\"special-heading-border\"><div class=\"special-heading-inner-border\"><\/div><\/div><\/div>\n\n<\/div><\/div><\/main><!-- close content main element --><\/div><\/div>\n<style type=\"text\/css\" data-created_by=\"avia_inline_auto\" id=\"style-css-av-6g5w3-10b83a6f0e74edbd1b1e74124090c5ab\">\n.avia-section.av-6g5w3-10b83a6f0e74edbd1b1e74124090c5ab .av-section-color-overlay{\nopacity:0.1;\nbackground-color:#ffffff;\nbackground-image:url(https:\/\/wmp.mx\/UP1\/wp-content\/uploads\/Mexico_2-2.jpg);\nbackground-repeat:repeat;\n}\n<\/style>\n<div id='av_section_2'  class='avia-section av-6g5w3-10b83a6f0e74edbd1b1e74124090c5ab main_color avia-section-default avia-no-border-styling  avia-builder-el-2  el_after_av_section  avia-builder-el-last  avia-bg-style-scroll av-section-color-overlay-active container_wrap fullsize'  ><div class=\"av-section-color-overlay-wrap\"><div class=\"av-section-color-overlay\"><\/div><div class='container av-section-cont-open' ><div class='template-page content  av-content-full alpha units'><div class='post-entry post-entry-type-page post-entry-2464'><div class='entry-content-wrapper clearfix'>\n\n<style type=\"text\/css\" data-created_by=\"avia_inline_auto\" id=\"style-css-av-5qr8b-a57dcf753fd68f1eb392c0d82cdab9ca\">\n.flex_column.av-5qr8b-a57dcf753fd68f1eb392c0d82cdab9ca{\nborder-radius:0px 0px 0px 0px;\npadding:0px 0px 0px 0px;\n}\n<\/style>\n<div  class='flex_column av-5qr8b-a57dcf753fd68f1eb392c0d82cdab9ca av_three_fifth  avia-builder-el-3  el_before_av_two_fifth  avia-builder-el-first  first flex_column_div av-zero-column-padding  '     ><section  class='av_textblock_section av-jlezasmw-062099de53838d5275c660414c8655f0 '   itemscope=\"itemscope\" itemtype=\"https:\/\/schema.org\/CreativeWork\" ><div class='avia_textblock'  itemprop=\"text\" >\n<div class=\"wpcf7 no-js\" id=\"wpcf7-f2849-o1\" lang=\"de-DE\" dir=\"ltr\" data-wpcf7-id=\"2849\">\n<div class=\"screen-reader-response\"><p role=\"status\" aria-live=\"polite\" aria-atomic=\"true\"><\/p> <ul><\/ul><\/div>\n<form action=\"\/es\/wp-json\/wp\/v2\/pages\/2464#wpcf7-f2849-o1\" method=\"post\" class=\"wpcf7-form init\" aria-label=\"Contact form\" novalidate=\"novalidate\" data-status=\"init\">\n<fieldset class=\"hidden-fields-container\"><input type=\"hidden\" name=\"_wpcf7\" value=\"2849\" \/><input type=\"hidden\" name=\"_wpcf7_version\" value=\"6.1.5\" \/><input type=\"hidden\" name=\"_wpcf7_locale\" value=\"de_DE\" \/><input type=\"hidden\" name=\"_wpcf7_unit_tag\" value=\"wpcf7-f2849-o1\" \/><input type=\"hidden\" name=\"_wpcf7_container_post\" value=\"0\" \/><input type=\"hidden\" name=\"_wpcf7_posted_data_hash\" value=\"\" \/><input type=\"hidden\" name=\"_wpcf7_recaptcha_response\" value=\"\" \/>\n<\/fieldset>\n<div class=\"form_half\">\n\t<p><label> Nombre *<br \/>\n<span class=\"wpcf7-form-control-wrap\" data-name=\"your-name\"><input size=\"40\" maxlength=\"400\" class=\"wpcf7-form-control wpcf7-text wpcf7-validates-as-required\" aria-required=\"true\" aria-invalid=\"false\" value=\"\" type=\"text\" name=\"your-name\" \/><\/span> <\/label>\n\t<\/p>\n<\/div>\n<div class=\"form_half form_half_last\">\n\t<p><label> Correo electr\u00f3nico *<br \/>\n<span class=\"wpcf7-form-control-wrap\" data-name=\"your-email\"><input size=\"40\" maxlength=\"400\" class=\"wpcf7-form-control wpcf7-email wpcf7-validates-as-required wpcf7-text wpcf7-validates-as-email\" aria-required=\"true\" aria-invalid=\"false\" value=\"\" type=\"email\" name=\"your-email\" \/><\/span> <\/label>\n\t<\/p>\n<\/div>\n<p><label>Tel\u00e9fono *<br \/>\n<span class=\"wpcf7-form-control-wrap\" data-name=\"your-telefono\"><input size=\"40\" maxlength=\"400\" class=\"wpcf7-form-control wpcf7-text\" aria-invalid=\"false\" value=\"\" type=\"text\" name=\"your-telefono\" \/><\/span><\/label>\n<\/p>\n<p><label> Asunto *<br \/>\n<span class=\"wpcf7-form-control-wrap\" data-name=\"your-subject\"><input size=\"40\" maxlength=\"400\" class=\"wpcf7-form-control wpcf7-text\" aria-invalid=\"false\" value=\"\" type=\"text\" name=\"your-subject\" \/><\/span> <\/label>\n<\/p>\n<p><label> Mensaje *<br \/>\n<span class=\"wpcf7-form-control-wrap\" data-name=\"your-message\"><textarea cols=\"40\" rows=\"10\" maxlength=\"2000\" class=\"wpcf7-form-control wpcf7-textarea\" aria-invalid=\"false\" name=\"your-message\"><\/textarea><\/span> <\/label>\n<\/p>\n<p>[anr_nocaptcha g-recaptcha-response]\n<\/p>\n<p><input class=\"wpcf7-form-control wpcf7-submit has-spinner\" type=\"submit\" value=\"Contacto\" \/>\n<\/p><div class=\"wpcf7-response-output\" aria-hidden=\"true\"><\/div>\n<\/form>\n<\/div>\n\n<\/div><\/section><\/div>\n<style type=\"text\/css\" data-created_by=\"avia_inline_auto\" id=\"style-css-av-1x7zv-79c620889fd52d885a6ff97bcebb1b10\">\n.flex_column.av-1x7zv-79c620889fd52d885a6ff97bcebb1b10{\nborder-radius:0px 0px 0px 0px;\npadding:0px 0px 0px 0px;\n}\n<\/style>\n<div  class='flex_column av-1x7zv-79c620889fd52d885a6ff97bcebb1b10 av_two_fifth  avia-builder-el-5  el_after_av_three_fifth  el_before_av_hr  flex_column_div av-zero-column-padding  '     ><p>\n<style type=\"text\/css\" data-created_by=\"avia_inline_auto\" id=\"style-css-av-1pr8v-854f803be8975fff0ddf51af6254d415\">\n#top .hr.av-1pr8v-854f803be8975fff0ddf51af6254d415{\nmargin-top:30px;\nmargin-bottom:30px;\n}\n.hr.av-1pr8v-854f803be8975fff0ddf51af6254d415 .hr-inner{\nwidth:50px;\nborder-color:#f8f8f8;\n}\n<\/style>\n<div  class='hr av-1pr8v-854f803be8975fff0ddf51af6254d415 hr-custom  avia-builder-el-6  el_before_av_textblock  avia-builder-el-first  hr-center hr-icon-no'><span class='hr-inner inner-border-av-border-thin'><span class=\"hr-inner-style\"><\/span><\/span><\/div><br \/>\n\n<style type=\"text\/css\" data-created_by=\"avia_inline_auto\" id=\"style-css-av-ru3r-5b6283513336b6ffbfccd8964049fca9\">\n#top .av_textblock_section.av-ru3r-5b6283513336b6ffbfccd8964049fca9 .avia_textblock{\nfont-size:22px;\n}\n<\/style>\n<section  class='av_textblock_section av-ru3r-5b6283513336b6ffbfccd8964049fca9 '   itemscope=\"itemscope\" itemtype=\"https:\/\/schema.org\/CreativeWork\" ><div class='avia_textblock'  itemprop=\"text\" ><h2>Contacto<\/h2>\n<p>WMP Mexico Advisors<\/p>\n<p>Pabell\u00f3n Santa Fe<br \/>\nAnillo Vial Jun\u00edpero Serra 2601 Oficina 201<br \/>\nResidencial Juriquilla Santa Fe<br \/>\n76230 Quer\u00e9taro, Quer\u00e9taro, M\u00e9xico<\/p>\n<p>T: +52 (442) 209 6870<br \/>\nCorreo electr\u00f3nico: <a href=\"&#x6d;&#x61;&#x69;&#x6c;&#x74;&#x6f;&#x3a;&#105;&#110;&#102;&#111;&#64;wmp&#46;&#x6d;&#x78;\">&#x69;n&#x66;&#111;&#x40;&#119;&#x6d;&#x70;&#46;&#x6d;&#120;<\/a><\/p>\n<\/div><\/section><\/p><\/div><div  class='hr av-1pr8v-677acf3abe2f5835f133d239421e136a hr-default  avia-builder-el-8  el_after_av_two_fifth  el_before_av_one_third '><span class='hr-inner '><span class=\"hr-inner-style\"><\/span><\/span><\/div>\n\n<style type=\"text\/css\" data-created_by=\"avia_inline_auto\" id=\"style-css-av-1x7zv-6459f32cb5cb8eca0524cb998bd654d8\">\n.flex_column.av-1x7zv-6459f32cb5cb8eca0524cb998bd654d8{\nborder-radius:0px 0px 0px 0px;\npadding:0px 0px 0px 0px;\n}\n<\/style>\n<div  class='flex_column av-1x7zv-6459f32cb5cb8eca0524cb998bd654d8 av_one_third  avia-builder-el-9  el_after_av_hr  el_before_av_one_third  first flex_column_div av-zero-column-padding  '     ><style type=\"text\/css\" data-created_by=\"avia_inline_auto\" id=\"style-css-av-ru3r-5b6283513336b6ffbfccd8964049fca9\">\n#top .av_textblock_section.av-ru3r-5b6283513336b6ffbfccd8964049fca9 .avia_textblock{\nfont-size:22px;\n}\n<\/style>\n<section  class='av_textblock_section av-ru3r-5b6283513336b6ffbfccd8964049fca9 '   itemscope=\"itemscope\" itemtype=\"https:\/\/schema.org\/CreativeWork\" ><div class='avia_textblock'  itemprop=\"text\" ><h4>Quer\u00e9taro &#8211; Juriquilla<\/h4>\n<p>Pabell\u00f3n Santa Fe<br \/>\nAnillo Vial Jun\u00edpero Serra 2601 Oficina 201<br \/>\nResidencial Juriquilla Santa Fe<br \/>\n76230 Quer\u00e9taro, Quer\u00e9taro, M\u00e9xio<\/p>\n<p>T: +52 (442) 209 6870<\/p>\n<\/div><\/section><\/div>\n<style type=\"text\/css\" data-created_by=\"avia_inline_auto\" id=\"style-css-av-1x7zv-79c620889fd52d885a6ff97bcebb1b10\">\n.flex_column.av-1x7zv-79c620889fd52d885a6ff97bcebb1b10{\nborder-radius:0px 0px 0px 0px;\npadding:0px 0px 0px 0px;\n}\n<\/style>\n<div  class='flex_column av-1x7zv-79c620889fd52d885a6ff97bcebb1b10 av_one_third  avia-builder-el-11  el_after_av_one_third  el_before_av_one_third  flex_column_div av-zero-column-padding  '     ><style type=\"text\/css\" data-created_by=\"avia_inline_auto\" id=\"style-css-av-ru3r-a3b1bebaae2d8cca52654defe60e2354\">\n#top .av_textblock_section.av-ru3r-a3b1bebaae2d8cca52654defe60e2354 .avia_textblock{\nfont-size:22px;\n}\n<\/style>\n<section  class='av_textblock_section av-ru3r-a3b1bebaae2d8cca52654defe60e2354 '   itemscope=\"itemscope\" itemtype=\"https:\/\/schema.org\/CreativeWork\" ><div class='avia_textblock'  itemprop=\"text\" ><h4>Quer\u00e9taro &#8211; Centro Sur<\/h4>\n<p>Avenida Colinas del Cimatario 435<br \/>\nFracc. Colinas del Cimatario<br \/>\n76090 Quer\u00e9taro, Quer\u00e9taro, M\u00e9xico<\/p>\n<p>T: +52 (442) 209 6850<\/p>\n<\/div><\/section><\/div>\n<style type=\"text\/css\" data-created_by=\"avia_inline_auto\" id=\"style-css-av-1x7zv-79c620889fd52d885a6ff97bcebb1b10\">\n.flex_column.av-1x7zv-79c620889fd52d885a6ff97bcebb1b10{\nborder-radius:0px 0px 0px 0px;\npadding:0px 0px 0px 0px;\n}\n<\/style>\n<div  class='flex_column av-1x7zv-79c620889fd52d885a6ff97bcebb1b10 av_one_third  avia-builder-el-13  el_after_av_one_third  el_before_av_one_third  flex_column_div av-zero-column-padding  '     ><style type=\"text\/css\" data-created_by=\"avia_inline_auto\" id=\"style-css-av-ru3r-5b6283513336b6ffbfccd8964049fca9\">\n#top .av_textblock_section.av-ru3r-5b6283513336b6ffbfccd8964049fca9 .avia_textblock{\nfont-size:22px;\n}\n<\/style>\n<section  class='av_textblock_section av-ru3r-5b6283513336b6ffbfccd8964049fca9 '   itemscope=\"itemscope\" itemtype=\"https:\/\/schema.org\/CreativeWork\" ><div class='avia_textblock'  itemprop=\"text\" ><h4>Ciudad de M\u00e9xico &#8211; Santa Fe<\/h4>\n<p>German Centre<br \/>\nAv. Santa Fe No. 170, Oficina 1-4-06A<br \/>\nLomas de Santa Fe<br \/>\n01210 Ciudad de M\u00e9xico, M\u00e9xico<\/p>\n<p>T: +52 (55) 5292 3144<\/p>\n<\/div><\/section><\/div>\n<style type=\"text\/css\" data-created_by=\"avia_inline_auto\" id=\"style-css-av-1x7zv-6459f32cb5cb8eca0524cb998bd654d8\">\n.flex_column.av-1x7zv-6459f32cb5cb8eca0524cb998bd654d8{\nborder-radius:0px 0px 0px 0px;\npadding:0px 0px 0px 0px;\n}\n<\/style>\n<div  class='flex_column av-1x7zv-6459f32cb5cb8eca0524cb998bd654d8 av_one_third  avia-builder-el-15  el_after_av_one_third  el_before_av_one_third  first flex_column_div av-zero-column-padding  column-top-margin'     ><style type=\"text\/css\" data-created_by=\"avia_inline_auto\" id=\"style-css-av-ru3r-5b6283513336b6ffbfccd8964049fca9\">\n#top .av_textblock_section.av-ru3r-5b6283513336b6ffbfccd8964049fca9 .avia_textblock{\nfont-size:22px;\n}\n<\/style>\n<section  class='av_textblock_section av-ru3r-5b6283513336b6ffbfccd8964049fca9 '   itemscope=\"itemscope\" itemtype=\"https:\/\/schema.org\/CreativeWork\" ><div class='avia_textblock'  itemprop=\"text\" ><h4>Ciudad de M\u00e9xico &#8211; Insurgentes Sur<\/h4>\n<p>Av. Insurgentes Sur Nr. 1802, Piso 8<br \/>\nCol. Florida,\u00a0Del. Alvaro Obreg\u00f3n<br \/>\n01030 Ciudad de M\u00e9xico, M\u00e9xico<\/p>\n<p>T: +52 (55) 5292 8280<\/p>\n<\/div><\/section><\/div>\n<style type=\"text\/css\" data-created_by=\"avia_inline_auto\" id=\"style-css-av-1x7zv-79c620889fd52d885a6ff97bcebb1b10\">\n.flex_column.av-1x7zv-79c620889fd52d885a6ff97bcebb1b10{\nborder-radius:0px 0px 0px 0px;\npadding:0px 0px 0px 0px;\n}\n<\/style>\n<div  class='flex_column av-1x7zv-79c620889fd52d885a6ff97bcebb1b10 av_one_third  avia-builder-el-17  el_after_av_one_third  el_before_av_one_third  flex_column_div av-zero-column-padding  column-top-margin'     ><style type=\"text\/css\" data-created_by=\"avia_inline_auto\" id=\"style-css-av-ru3r-5b6283513336b6ffbfccd8964049fca9\">\n#top .av_textblock_section.av-ru3r-5b6283513336b6ffbfccd8964049fca9 .avia_textblock{\nfont-size:22px;\n}\n<\/style>\n<section  class='av_textblock_section av-ru3r-5b6283513336b6ffbfccd8964049fca9 '   itemscope=\"itemscope\" itemtype=\"https:\/\/schema.org\/CreativeWork\" ><div class='avia_textblock'  itemprop=\"text\" ><h4>Puebla<\/h4>\n<p>Av. Ju\u00e1rez 2312, Piso 3<br \/>\nCol. La Paz<br \/>\n72160 Puebla, Puebla, M\u00e9xico<\/p>\n<p>T: +52 (222) 688 8037<\/p>\n<\/div><\/section><\/div>\n<style type=\"text\/css\" data-created_by=\"avia_inline_auto\" id=\"style-css-av-1x7zv-79c620889fd52d885a6ff97bcebb1b10\">\n.flex_column.av-1x7zv-79c620889fd52d885a6ff97bcebb1b10{\nborder-radius:0px 0px 0px 0px;\npadding:0px 0px 0px 0px;\n}\n<\/style>\n<div  class='flex_column av-1x7zv-79c620889fd52d885a6ff97bcebb1b10 av_one_third  avia-builder-el-19  el_after_av_one_third  el_before_av_one_third  flex_column_div av-zero-column-padding  column-top-margin'     ><style type=\"text\/css\" data-created_by=\"avia_inline_auto\" id=\"style-css-av-ru3r-5b6283513336b6ffbfccd8964049fca9\">\n#top .av_textblock_section.av-ru3r-5b6283513336b6ffbfccd8964049fca9 .avia_textblock{\nfont-size:22px;\n}\n<\/style>\n<section  class='av_textblock_section av-ru3r-5b6283513336b6ffbfccd8964049fca9 '   itemscope=\"itemscope\" itemtype=\"https:\/\/schema.org\/CreativeWork\" ><div class='avia_textblock'  itemprop=\"text\" ><h4>Monterrey<\/h4>\n<p>Calzada del Valle 255 OTE int.229<br \/>\nCol, del Valle<br \/>\n66260 Monterrey, Nuevo Le\u00f3n, M\u00e9xico<\/p>\n<p>Tel: +52 (81) 8262 8253<\/p>\n<\/div><\/section><\/div>\n<style type=\"text\/css\" data-created_by=\"avia_inline_auto\" id=\"style-css-av-av_one_third-1df1b63c6c045939f2dc1aefbdd8e7ad\">\n.flex_column.av-av_one_third-1df1b63c6c045939f2dc1aefbdd8e7ad{\nborder-radius:0px 0px 0px 0px;\npadding:0px 0px 0px 0px;\n}\n<\/style>\n<div  class='flex_column av-av_one_third-1df1b63c6c045939f2dc1aefbdd8e7ad av_one_third  avia-builder-el-21  el_after_av_one_third  el_before_av_one_third  first flex_column_div av-zero-column-padding  column-top-margin'     ><style type=\"text\/css\" data-created_by=\"avia_inline_auto\" id=\"style-css-av-av_textblock-e204737c2ebb3354cdb19c029b187431\">\n#top .av_textblock_section.av-av_textblock-e204737c2ebb3354cdb19c029b187431 .avia_textblock{\nfont-size:22px;\n}\n<\/style>\n<section  class='av_textblock_section av-av_textblock-e204737c2ebb3354cdb19c029b187431 '   itemscope=\"itemscope\" itemtype=\"https:\/\/schema.org\/CreativeWork\" ><div class='avia_textblock'  itemprop=\"text\" ><h4>Stuttgart<\/h4>\n<p>SkyLoop Business Center<br \/>\nFlughafenstrasse 59<br \/>\n70629 Stuttgart<br \/>\nAlemania<\/p>\n<p>T.: +49 (711) 490 52310<br \/>\nT.: +49 (174) 470 9939<\/p>\n<\/div><\/section><\/div>\n<style type=\"text\/css\" data-created_by=\"avia_inline_auto\" id=\"style-css-av-1x7zv-79c620889fd52d885a6ff97bcebb1b10\">\n.flex_column.av-1x7zv-79c620889fd52d885a6ff97bcebb1b10{\nborder-radius:0px 0px 0px 0px;\npadding:0px 0px 0px 0px;\n}\n<\/style>\n<div  class='flex_column av-1x7zv-79c620889fd52d885a6ff97bcebb1b10 av_one_third  avia-builder-el-23  el_after_av_one_third  el_before_av_one_third  flex_column_div av-zero-column-padding  column-top-margin'     ><style type=\"text\/css\" data-created_by=\"avia_inline_auto\" id=\"style-css-av-ru3r-a3b1bebaae2d8cca52654defe60e2354\">\n#top .av_textblock_section.av-ru3r-a3b1bebaae2d8cca52654defe60e2354 .avia_textblock{\nfont-size:22px;\n}\n<\/style>\n<section  class='av_textblock_section av-ru3r-a3b1bebaae2d8cca52654defe60e2354 '   itemscope=\"itemscope\" itemtype=\"https:\/\/schema.org\/CreativeWork\" ><div class='avia_textblock'  itemprop=\"text\" ><h4>Greenville<\/h4>\n<p>2822 Old Woodruff Rd.<br \/>\nGreer, SC 29651<br \/>\nUSA<\/p>\n<p>T: +1 (864) 326 3288<\/p>\n<\/div><\/section><\/div>\n<style type=\"text\/css\" data-created_by=\"avia_inline_auto\" id=\"style-css-av-av_one_third-862f0c8b97abc46405e90743a1c7ee0e\">\n.flex_column.av-av_one_third-862f0c8b97abc46405e90743a1c7ee0e{\nborder-radius:0px 0px 0px 0px;\npadding:0px 0px 0px 0px;\n}\n<\/style>\n<div  class='flex_column av-av_one_third-862f0c8b97abc46405e90743a1c7ee0e av_one_third  avia-builder-el-25  el_after_av_one_third  avia-builder-el-last  flex_column_div av-zero-column-padding  column-top-margin'     ><style type=\"text\/css\" data-created_by=\"avia_inline_auto\" id=\"style-css-av-l09lw7v2-a846e8417c1fb7e981fbf45a44ea1c1e\">\n#top .av_textblock_section.av-l09lw7v2-a846e8417c1fb7e981fbf45a44ea1c1e .avia_textblock{\nfont-size:22px;\n}\n<\/style>\n<section  class='av_textblock_section av-l09lw7v2-a846e8417c1fb7e981fbf45a44ea1c1e '   itemscope=\"itemscope\" itemtype=\"https:\/\/schema.org\/CreativeWork\" ><div class='avia_textblock'  itemprop=\"text\" ><h4>Shanghai<\/h4>\n<p>Unit 203, Block #5,<br \/>\nKailong Xinzhuang Business Park,<br \/>\nLane 59 Shennan Road, Minhang District,<br \/>\nShanghai, 201108, China<\/p>\n<p>T: +86 (21) 5483 2092<\/p>\n<\/div><\/section><\/div>\n","protected":false},"excerpt":{"rendered":"","protected":false},"author":9,"featured_media":0,"parent":0,"menu_order":0,"comment_status":"closed","ping_status":"closed","template":"","meta":{"footnotes":""},"class_list":["post-2464","page","type-page","status-publish","hentry"],"yoast_head":"<!-- This site is optimized with the Yoast SEO plugin v27.4 - https:\/\/yoast.com\/product\/yoast-seo-wordpress\/ -->\n<title>Contacto - WMP Mexico Advisors<\/title>\n<meta name=\"description\" content=\"Contactar WMP Mexico Advisors para ayuda para crear una empresa en M\u00e9xico. En nuestras surcusales en Queretaro, la Ciudad de M\u00e9xico, Puebla o Stuttgart.\" \/>\n<meta name=\"robots\" content=\"index, follow, max-snippet:-1, max-image-preview:large, max-video-preview:-1\" \/>\n<link rel=\"canonical\" href=\"https:\/\/wmp.mx\/es\/contacto-2\/\" \/>\n<meta property=\"og:locale\" content=\"es_ES\" \/>\n<meta property=\"og:type\" content=\"article\" \/>\n<meta property=\"og:title\" content=\"Contacto - WMP Mexico Advisors\" \/>\n<meta property=\"og:description\" content=\"Contactar WMP Mexico Advisors para ayuda para crear una empresa en M\u00e9xico. En nuestras surcusales en Queretaro, la Ciudad de M\u00e9xico, Puebla o Stuttgart.\" \/>\n<meta property=\"og:url\" content=\"https:\/\/wmp.mx\/es\/contacto-2\/\" \/>\n<meta property=\"og:site_name\" content=\"WMP Mexico Advisors\" \/>\n<meta property=\"article:modified_time\" content=\"2022-07-06T19:06:59+00:00\" \/>\n<meta name=\"twitter:card\" content=\"summary_large_image\" \/>\n<meta name=\"twitter:label1\" content=\"Est. reading time\" \/>\n\t<meta name=\"twitter:data1\" content=\"10 minutes\" \/>\n<script type=\"application\/ld+json\" class=\"yoast-schema-graph\">{\"@context\":\"https:\\\/\\\/schema.org\",\"@graph\":[{\"@type\":\"WebPage\",\"@id\":\"https:\\\/\\\/wmp.mx\\\/es\\\/contacto-2\\\/\",\"url\":\"https:\\\/\\\/wmp.mx\\\/es\\\/contacto-2\\\/\",\"name\":\"Contacto - WMP Mexico Advisors\",\"isPartOf\":{\"@id\":\"https:\\\/\\\/wmp.mx\\\/#website\"},\"datePublished\":\"2018-08-07T07:11:36+00:00\",\"dateModified\":\"2022-07-06T19:06:59+00:00\",\"description\":\"Contactar WMP Mexico Advisors para ayuda para crear una empresa en M\u00e9xico. En nuestras surcusales en Queretaro, la Ciudad de M\u00e9xico, Puebla o Stuttgart.\",\"breadcrumb\":{\"@id\":\"https:\\\/\\\/wmp.mx\\\/es\\\/contacto-2\\\/#breadcrumb\"},\"inLanguage\":\"es-ES\",\"potentialAction\":[{\"@type\":\"ReadAction\",\"target\":[\"https:\\\/\\\/wmp.mx\\\/es\\\/contacto-2\\\/\"]}]},{\"@type\":\"BreadcrumbList\",\"@id\":\"https:\\\/\\\/wmp.mx\\\/es\\\/contacto-2\\\/#breadcrumb\",\"itemListElement\":[{\"@type\":\"ListItem\",\"position\":1,\"name\":\"Startseite\",\"item\":\"https:\\\/\\\/wmp.mx\\\/es\\\/inicio\\\/\"},{\"@type\":\"ListItem\",\"position\":2,\"name\":\"Contacto\"}]},{\"@type\":\"WebSite\",\"@id\":\"https:\\\/\\\/wmp.mx\\\/#website\",\"url\":\"https:\\\/\\\/wmp.mx\\\/\",\"name\":\"WMP Mexico Advisors\",\"description\":\"Queretaro | Mexiko Stadt | Puebla | Stuttgart | Greenville\",\"potentialAction\":[{\"@type\":\"SearchAction\",\"target\":{\"@type\":\"EntryPoint\",\"urlTemplate\":\"https:\\\/\\\/wmp.mx\\\/?s={search_term_string}\"},\"query-input\":{\"@type\":\"PropertyValueSpecification\",\"valueRequired\":true,\"valueName\":\"search_term_string\"}}],\"inLanguage\":\"es-ES\"}]}<\/script>\n<!-- \/ Yoast SEO plugin. -->","yoast_head_json":{"title":"Contacto - WMP Mexico Advisors","description":"Contactar WMP Mexico Advisors para ayuda para crear una empresa en M\u00e9xico. En nuestras surcusales en Queretaro, la Ciudad de M\u00e9xico, Puebla o Stuttgart.","robots":{"index":"index","follow":"follow","max-snippet":"max-snippet:-1","max-image-preview":"max-image-preview:large","max-video-preview":"max-video-preview:-1"},"canonical":"https:\/\/wmp.mx\/es\/contacto-2\/","og_locale":"es_ES","og_type":"article","og_title":"Contacto - WMP Mexico Advisors","og_description":"Contactar WMP Mexico Advisors para ayuda para crear una empresa en M\u00e9xico. En nuestras surcusales en Queretaro, la Ciudad de M\u00e9xico, Puebla o Stuttgart.","og_url":"https:\/\/wmp.mx\/es\/contacto-2\/","og_site_name":"WMP Mexico Advisors","article_modified_time":"2022-07-06T19:06:59+00:00","twitter_card":"summary_large_image","twitter_misc":{"Est. reading time":"10 minutes"},"schema":{"@context":"https:\/\/schema.org","@graph":[{"@type":"WebPage","@id":"https:\/\/wmp.mx\/es\/contacto-2\/","url":"https:\/\/wmp.mx\/es\/contacto-2\/","name":"Contacto - WMP Mexico Advisors","isPartOf":{"@id":"https:\/\/wmp.mx\/#website"},"datePublished":"2018-08-07T07:11:36+00:00","dateModified":"2022-07-06T19:06:59+00:00","description":"Contactar WMP Mexico Advisors para ayuda para crear una empresa en M\u00e9xico. En nuestras surcusales en Queretaro, la Ciudad de M\u00e9xico, Puebla o Stuttgart.","breadcrumb":{"@id":"https:\/\/wmp.mx\/es\/contacto-2\/#breadcrumb"},"inLanguage":"es-ES","potentialAction":[{"@type":"ReadAction","target":["https:\/\/wmp.mx\/es\/contacto-2\/"]}]},{"@type":"BreadcrumbList","@id":"https:\/\/wmp.mx\/es\/contacto-2\/#breadcrumb","itemListElement":[{"@type":"ListItem","position":1,"name":"Startseite","item":"https:\/\/wmp.mx\/es\/inicio\/"},{"@type":"ListItem","position":2,"name":"Contacto"}]},{"@type":"WebSite","@id":"https:\/\/wmp.mx\/#website","url":"https:\/\/wmp.mx\/","name":"WMP Mexico Advisors","description":"Queretaro | Mexiko Stadt | Puebla | Stuttgart | Greenville","potentialAction":[{"@type":"SearchAction","target":{"@type":"EntryPoint","urlTemplate":"https:\/\/wmp.mx\/?s={search_term_string}"},"query-input":{"@type":"PropertyValueSpecification","valueRequired":true,"valueName":"search_term_string"}}],"inLanguage":"es-ES"}]}},"_links":{"self":[{"href":"https:\/\/wmp.mx\/es\/wp-json\/wp\/v2\/pages\/2464","targetHints":{"allow":["GET"]}}],"collection":[{"href":"https:\/\/wmp.mx\/es\/wp-json\/wp\/v2\/pages"}],"about":[{"href":"https:\/\/wmp.mx\/es\/wp-json\/wp\/v2\/types\/page"}],"author":[{"embeddable":true,"href":"https:\/\/wmp.mx\/es\/wp-json\/wp\/v2\/users\/9"}],"replies":[{"embeddable":true,"href":"https:\/\/wmp.mx\/es\/wp-json\/wp\/v2\/comments?post=2464"}],"version-history":[{"count":4,"href":"https:\/\/wmp.mx\/es\/wp-json\/wp\/v2\/pages\/2464\/revisions"}],"predecessor-version":[{"id":9853,"href":"https:\/\/wmp.mx\/es\/wp-json\/wp\/v2\/pages\/2464\/revisions\/9853"}],"wp:attachment":[{"href":"https:\/\/wmp.mx\/es\/wp-json\/wp\/v2\/media?parent=2464"}],"curies":[{"name":"wp","href":"https:\/\/api.w.org\/{rel}","templated":true}]}}