{"id":2468,"date":"2018-08-07T09:17:45","date_gmt":"2018-08-07T07:17:45","guid":{"rendered":"https:\/\/wmp.mx\/?page_id=2468"},"modified":"2022-12-19T19:04:52","modified_gmt":"2022-12-19T18:04:52","slug":"vacantes","status":"publish","type":"page","link":"https:\/\/wmp.mx\/es\/vacantes\/","title":{"rendered":"Vacantes"},"content":{"rendered":"\n<style type=\"text\/css\" data-created_by=\"avia_inline_auto\" id=\"style-css-av-jiobwy28-c4994b6725d5f66c1040c484441d74b1\">\n.avia-section.av-jiobwy28-c4994b6725d5f66c1040c484441d74b1{\nbackground-repeat:no-repeat;\nbackground-image:url(https:\/\/wmp.mx\/UP1\/wp-content\/uploads\/wmp_graifk_2.png);\nbackground-position:0% 0%;\nbackground-attachment:scroll;\n}\n<\/style>\n<div id='av_section_1'  class='avia-section av-jiobwy28-c4994b6725d5f66c1040c484441d74b1 main_color avia-section-default avia-no-border-styling  avia-builder-el-0  el_before_av_layout_row  avia-builder-el-first  avia-bg-style-scroll av-minimum-height av-minimum-height-25 av-height-25  container_wrap fullsize'  data-section-bg-repeat='no-repeat' data-av_minimum_height_pc='25' data-av_min_height_opt='25'><div class='container av-section-cont-open' ><main  role=\"main\" itemprop=\"mainContentOfPage\"  class='template-page content  av-content-full alpha units'><div class='post-entry post-entry-type-page post-entry-2468'><div class='entry-content-wrapper clearfix'>\n\n<style type=\"text\/css\" data-created_by=\"avia_inline_auto\" id=\"style-css-av-jlmqenxl-3053f1314191ccc80929f96117f19aa1\">\n#top .av-special-heading.av-jlmqenxl-3053f1314191ccc80929f96117f19aa1{\npadding-bottom:10px;\ncolor:#ffffff;\nfont-size:65px;\n}\nbody .av-special-heading.av-jlmqenxl-3053f1314191ccc80929f96117f19aa1 .av-special-heading-tag .heading-char{\nfont-size:25px;\n}\n#top #wrap_all .av-special-heading.av-jlmqenxl-3053f1314191ccc80929f96117f19aa1 .av-special-heading-tag{\nfont-size:65px;\n}\n.av-special-heading.av-jlmqenxl-3053f1314191ccc80929f96117f19aa1 .special-heading-inner-border{\nborder-color:#ffffff;\n}\n.av-special-heading.av-jlmqenxl-3053f1314191ccc80929f96117f19aa1 .av-subheading{\nfont-size:15px;\n}\n\n@media only screen and (min-width: 480px) and (max-width: 767px){ \n#top #wrap_all .av-special-heading.av-jlmqenxl-3053f1314191ccc80929f96117f19aa1 .av-special-heading-tag{\nfont-size:0.8em;\n}\n}\n\n@media only screen and (max-width: 479px){ \n#top #wrap_all .av-special-heading.av-jlmqenxl-3053f1314191ccc80929f96117f19aa1 .av-special-heading-tag{\nfont-size:0.8em;\n}\n}\n<\/style>\n<div  class='av-special-heading av-jlmqenxl-3053f1314191ccc80929f96117f19aa1 av-special-heading-h1 custom-color-heading blockquote modern-quote  avia-builder-el-1  avia-builder-el-no-sibling  av-inherit-size'><h1 class='av-special-heading-tag '  itemprop=\"headline\"  >Vacantes<\/h1><div class=\"special-heading-border\"><div class=\"special-heading-inner-border\"><\/div><\/div><\/div>\n\n<\/div><\/div><\/main><!-- close content main element --><\/div><\/div><div id='av-layout-grid-1'  class='av-layout-grid-container av-jhvrctee-7e913498f2fb208e3e4c5d804482810f entry-content-wrapper main_color av-flex-cells  avia-builder-el-2  el_after_av_section  avia-builder-el-last  av-cell-min-height av-cell-min-height-50 grid-row-not-first  container_wrap fullsize'   data-av_minimum_height_pc='50'>\n\n<style type=\"text\/css\" data-created_by=\"avia_inline_auto\" id=\"style-css-av-jhvrcfck-00b9171ac452b79b6f32cabf1c48d6a7\">\n.flex_cell.av-jhvrcfck-00b9171ac452b79b6f32cabf1c48d6a7{\nvertical-align:top;\nbackground:url(https:\/\/wmp.mx\/UP1\/wp-content\/uploads\/karriere.jpg) 0% 0% no-repeat scroll ;\n}\n.responsive #top #wrap_all .flex_cell.av-jhvrcfck-00b9171ac452b79b6f32cabf1c48d6a7{\npadding:30px 30px 30px 30px !important;\n}\n<\/style>\n<div class='flex_cell av-jhvrcfck-00b9171ac452b79b6f32cabf1c48d6a7 av-gridrow-cell av_one_half no_margin  avia-builder-el-3  el_before_av_cell_one_half  avia-builder-el-first  content-align-top avia-full-stretch'  ><div class='flex_cell_inner'><\/div><\/div>\n<style type=\"text\/css\" data-created_by=\"avia_inline_auto\" id=\"style-css-av-y97q-a1292137e305a3cf751c59df4238935a\">\n.flex_cell.av-y97q-a1292137e305a3cf751c59df4238935a{\nvertical-align:top;\n}\n.responsive #top #wrap_all .flex_cell.av-y97q-a1292137e305a3cf751c59df4238935a{\npadding:30px 0px 30px 30px !important;\n}\n<\/style>\n<div class='flex_cell av-y97q-a1292137e305a3cf751c59df4238935a av-gridrow-cell av_one_half no_margin  avia-builder-el-4  el_after_av_cell_one_half  avia-builder-el-last  content-align-top'  ><div class='flex_cell_inner'><p>\n<style type=\"text\/css\" data-created_by=\"avia_inline_auto\" id=\"style-css-av-3hug1g-0d11a3d5278e069160c62b47fff2a0b0\">\n#top .av-special-heading.av-3hug1g-0d11a3d5278e069160c62b47fff2a0b0{\npadding-bottom:10px;\n}\nbody .av-special-heading.av-3hug1g-0d11a3d5278e069160c62b47fff2a0b0 .av-special-heading-tag .heading-char{\nfont-size:25px;\n}\n.av-special-heading.av-3hug1g-0d11a3d5278e069160c62b47fff2a0b0 .av-subheading{\nfont-size:15px;\n}\n<\/style>\n<div  class='av-special-heading av-3hug1g-0d11a3d5278e069160c62b47fff2a0b0 av-special-heading-h3  avia-builder-el-5  el_before_av_iconlist  avia-builder-el-first '><h3 class='av-special-heading-tag '  itemprop=\"headline\"  >Encuentre aqu\u00ed nuestras vacantes:<\/h3><div class=\"special-heading-border\"><div class=\"special-heading-inner-border\"><\/div><\/div><\/div><br \/>\n\n<style type=\"text\/css\" data-created_by=\"avia_inline_auto\" id=\"style-css-av-jhw3k178-e08f5443ef0d10993bcc4b02b2cc8427\">\n#top .avia-icon-list-container.av-jhw3k178-e08f5443ef0d10993bcc4b02b2cc8427 .iconlist_icon{\nfont-size:20px;\n}\n#top .avia-icon-list-container.av-jhw3k178-e08f5443ef0d10993bcc4b02b2cc8427 .iconlist_icon svg:first-child{\nheight:20px;\nwidth:20px;\n}\n#top #wrap_all .avia-icon-list-container.av-jhw3k178-e08f5443ef0d10993bcc4b02b2cc8427 .av_iconlist_title{\nfont-size:20px;\n}\n<\/style>\n<div  class='avia-icon-list-container av-jhw3k178-e08f5443ef0d10993bcc4b02b2cc8427  avia-builder-el-6  el_after_av_heading  el_before_av_textblock '><ul class='avia-icon-list avia_animate_when_almost_visible avia-icon-list-left av-iconlist-small av-jhw3k178-e08f5443ef0d10993bcc4b02b2cc8427 avia-iconlist-animate'>\n<li><div class='iconlist_icon av-bckp0-1f15205866834889f9aa26f5c4ee39e2 avia-font-entypo-fontello avia-iconfont avia-font-entypo-fontello'><span class='av-icon-char' data-av_icon='\ue822' data-av_iconfont='entypo-fontello' aria-hidden=\"true\"><\/span><\/div><article class=\"article-icon-entry av-iconlist-empty\"  itemscope=\"itemscope\" itemtype=\"https:\/\/schema.org\/CreativeWork\" ><div class=\"iconlist_content_wrap\"><header class=\"entry-content-header\" aria-label=\"Icon: &lt;a href=&#039;https:\/\/wmp.mx\/UP1\/wp-content\/uploads\/VACANTE_AUDITOR.jpg&#039; title=&#039;Vacante: Auditor&#039; target=&quot;_blank&quot;  rel=&quot;noopener noreferrer&quot;&gt;Vacante: Auditor&lt;\/a&gt;\"><div class='av_iconlist_title iconlist_title_small  '  itemprop=\"headline\" ><a href='https:\/\/wmp.mx\/UP1\/wp-content\/uploads\/VACANTE_AUDITOR.jpg' title='Vacante: Auditor' target=\"_blank\"  rel=\"noopener noreferrer\">Vacante: Auditor<\/a><\/div><\/header><div class='iconlist_content '  itemprop=\"text\" ><\/div><\/div><footer class=\"entry-footer\"><\/footer><\/article><div class=\"iconlist-timeline\"><\/div><\/li>\n<li><div class='iconlist_icon av-bckp0-f6829e1c78266f69de4dfa6474561d1b avia-font-entypo-fontello avia-iconfont avia-font-entypo-fontello'><span class='av-icon-char' data-av_icon='\ue822' data-av_iconfont='entypo-fontello' aria-hidden=\"true\"><\/span><\/div><article class=\"article-icon-entry av-iconlist-empty\"  itemscope=\"itemscope\" itemtype=\"https:\/\/schema.org\/CreativeWork\" ><div class=\"iconlist_content_wrap\"><header class=\"entry-content-header\" aria-label=\"Icon: &lt;a href=&#039;https:\/\/wmp.mx\/UP1\/wp-content\/uploads\/190214-GWM-Perfil-Junior-Account-Manager-1.pdf&#039; title=&#039;Vacante: Junior Account Manager&#039; target=&quot;_blank&quot;  rel=&quot;noopener noreferrer&quot;&gt;Vacante: Junior Account Manager&lt;\/a&gt;\"><div class='av_iconlist_title iconlist_title_small  '  itemprop=\"headline\" ><a href='https:\/\/wmp.mx\/UP1\/wp-content\/uploads\/190214-GWM-Perfil-Junior-Account-Manager-1.pdf' title='Vacante: Junior Account Manager' target=\"_blank\"  rel=\"noopener noreferrer\">Vacante: Junior Account Manager<\/a><\/div><\/header><div class='iconlist_content '  itemprop=\"text\" ><\/div><\/div><footer class=\"entry-footer\"><\/footer><\/article><div class=\"iconlist-timeline\"><\/div><\/li>\n<li><div class='iconlist_icon av-bckp0-43aa8f3a0bca2320813d11e9d85cbd49 avia-font-entypo-fontello avia-iconfont avia-font-entypo-fontello'><span class='av-icon-char' data-av_icon='\ue822' data-av_iconfont='entypo-fontello' aria-hidden=\"true\"><\/span><\/div><article class=\"article-icon-entry av-iconlist-empty\"  itemscope=\"itemscope\" itemtype=\"https:\/\/schema.org\/CreativeWork\" ><div class=\"iconlist_content_wrap\"><header class=\"entry-content-header\" aria-label=\"Icon: &lt;a href=&#039;https:\/\/wmp.mx\/UP1\/wp-content\/uploads\/Publicacion-LK-Auxiliar-Contable.jpg&#039; title=&#039;Vacante: Auxiliar Contable&#039; target=&quot;_blank&quot;  rel=&quot;noopener noreferrer&quot;&gt;Vacante: Auxiliar Contable&lt;\/a&gt;\"><div class='av_iconlist_title iconlist_title_small  '  itemprop=\"headline\" ><a href='https:\/\/wmp.mx\/UP1\/wp-content\/uploads\/Publicacion-LK-Auxiliar-Contable.jpg' title='Vacante: Auxiliar Contable' target=\"_blank\"  rel=\"noopener noreferrer\">Vacante: Auxiliar Contable<\/a><\/div><\/header><div class='iconlist_content '  itemprop=\"text\" ><\/div><\/div><footer class=\"entry-footer\"><\/footer><\/article><div class=\"iconlist-timeline\"><\/div><\/li>\n<li><div class='iconlist_icon av-bckp0-620b92327a930a84d926bd7c8eace7a0 avia-font-entypo-fontello avia-iconfont avia-font-entypo-fontello'><span class='av-icon-char' data-av_icon='\ue822' data-av_iconfont='entypo-fontello' aria-hidden=\"true\"><\/span><\/div><article class=\"article-icon-entry av-iconlist-empty\"  itemscope=\"itemscope\" itemtype=\"https:\/\/schema.org\/CreativeWork\" ><div class=\"iconlist_content_wrap\"><header class=\"entry-content-header\" aria-label=\"Icon: &lt;a href=&#039;https:\/\/wmp.mx\/UP1\/wp-content\/uploads\/vacante_coordinadordeImpuestos.jpg&#039; title=&#039;Vacante: Coordinador de impuestos&#039; target=&quot;_blank&quot;  rel=&quot;noopener noreferrer&quot;&gt;Vacante: Coordinador de impuestos&lt;\/a&gt;\"><div class='av_iconlist_title iconlist_title_small  '  itemprop=\"headline\" ><a href='https:\/\/wmp.mx\/UP1\/wp-content\/uploads\/vacante_coordinadordeImpuestos.jpg' title='Vacante: Coordinador de impuestos' target=\"_blank\"  rel=\"noopener noreferrer\">Vacante: Coordinador de impuestos<\/a><\/div><\/header><div class='iconlist_content '  itemprop=\"text\" ><\/div><\/div><footer class=\"entry-footer\"><\/footer><\/article><div class=\"iconlist-timeline\"><\/div><\/li>\n<li><div class='iconlist_icon av-bckp0-9317a436cce58cccdf052dc6dad630cb avia-font-entypo-fontello avia-iconfont avia-font-entypo-fontello'><span class='av-icon-char' data-av_icon='\ue822' data-av_iconfont='entypo-fontello' aria-hidden=\"true\"><\/span><\/div><article class=\"article-icon-entry av-iconlist-empty\"  itemscope=\"itemscope\" itemtype=\"https:\/\/schema.org\/CreativeWork\" ><div class=\"iconlist_content_wrap\"><header class=\"entry-content-header\" aria-label=\"Icon: &lt;a href=&#039;https:\/\/wmp.mx\/UP1\/wp-content\/uploads\/VACANTE_CONTADOR.jpg&#039; title=&#039;Vacante: Contador&#039; target=&quot;_blank&quot;  rel=&quot;noopener noreferrer&quot;&gt;Vacante: Contador&lt;\/a&gt;\"><div class='av_iconlist_title iconlist_title_small  '  itemprop=\"headline\" ><a href='https:\/\/wmp.mx\/UP1\/wp-content\/uploads\/VACANTE_CONTADOR.jpg' title='Vacante: Contador' target=\"_blank\"  rel=\"noopener noreferrer\">Vacante: Contador<\/a><\/div><\/header><div class='iconlist_content '  itemprop=\"text\" ><\/div><\/div><footer class=\"entry-footer\"><\/footer><\/article><div class=\"iconlist-timeline\"><\/div><\/li>\n<li><div class='iconlist_icon av-bckp0-af7f4ba9ba3a6725189d4480665cebd4 avia-font-entypo-fontello avia-iconfont avia-font-entypo-fontello'><span class='av-icon-char' data-av_icon='\ue822' data-av_iconfont='entypo-fontello' aria-hidden=\"true\"><\/span><\/div><article class=\"article-icon-entry av-iconlist-empty\"  itemscope=\"itemscope\" itemtype=\"https:\/\/schema.org\/CreativeWork\" ><div class=\"iconlist_content_wrap\"><header class=\"entry-content-header\" aria-label=\"Icon: &lt;a href=&#039;https:\/\/wmp.mx\/UP1\/wp-content\/uploads\/VACANTE_ESPECIALISTADENOMINAS.jpg&#039; title=&#039;Vacante: Especialista de Nominas&#039; target=&quot;_blank&quot;  rel=&quot;noopener noreferrer&quot;&gt;Vacante: Especialista de Nominas&lt;\/a&gt;\"><div class='av_iconlist_title iconlist_title_small  '  itemprop=\"headline\" ><a href='https:\/\/wmp.mx\/UP1\/wp-content\/uploads\/VACANTE_ESPECIALISTADENOMINAS.jpg' title='Vacante: Especialista de Nominas' target=\"_blank\"  rel=\"noopener noreferrer\">Vacante: Especialista de Nominas<\/a><\/div><\/header><div class='iconlist_content '  itemprop=\"text\" ><\/div><\/div><footer class=\"entry-footer\"><\/footer><\/article><div class=\"iconlist-timeline\"><\/div><\/li>\n<li><div class='iconlist_icon av-bckp0-1918181b00a19e275f4d1b579a1a4dff avia-font-entypo-fontello avia-iconfont avia-font-entypo-fontello'><span class='av-icon-char' data-av_icon='\ue822' data-av_iconfont='entypo-fontello' aria-hidden=\"true\"><\/span><\/div><article class=\"article-icon-entry av-iconlist-empty\"  itemscope=\"itemscope\" itemtype=\"https:\/\/schema.org\/CreativeWork\" ><div class=\"iconlist_content_wrap\"><header class=\"entry-content-header\" aria-label=\"Icon: &lt;a href=&#039;https:\/\/wmp.mx\/UP1\/wp-content\/uploads\/VACANTE_KAM.jpg&#039; title=&#039;Vacante: Key Account Manager&#039; target=&quot;_blank&quot;  rel=&quot;noopener noreferrer&quot;&gt;Vacante: Key Account Manager&lt;\/a&gt;\"><div class='av_iconlist_title iconlist_title_small  '  itemprop=\"headline\" ><a href='https:\/\/wmp.mx\/UP1\/wp-content\/uploads\/VACANTE_KAM.jpg' title='Vacante: Key Account Manager' target=\"_blank\"  rel=\"noopener noreferrer\">Vacante: Key Account Manager<\/a><\/div><\/header><div class='iconlist_content '  itemprop=\"text\" ><\/div><\/div><footer class=\"entry-footer\"><\/footer><\/article><div class=\"iconlist-timeline\"><\/div><\/li>\n<li><div class='iconlist_icon av-bckp0-f72260bcda43b0caf641ba46b5fc3f9c avia-font-entypo-fontello avia-iconfont avia-font-entypo-fontello'><span class='av-icon-char' data-av_icon='\ue822' data-av_iconfont='entypo-fontello' aria-hidden=\"true\"><\/span><\/div><article class=\"article-icon-entry av-iconlist-empty\"  itemscope=\"itemscope\" itemtype=\"https:\/\/schema.org\/CreativeWork\" ><div class=\"iconlist_content_wrap\"><header class=\"entry-content-header\" aria-label=\"Icon: &lt;a href=&#039;https:\/\/wmp.mx\/UP1\/wp-content\/uploads\/VACANTE_LIDERCONTABLE.jpg&#039; title=&#039;Vacante: Lider Contable&#039; target=&quot;_blank&quot;  rel=&quot;noopener noreferrer&quot;&gt;Vacante: Lider Contable&lt;\/a&gt;\"><div class='av_iconlist_title iconlist_title_small  '  itemprop=\"headline\" ><a href='https:\/\/wmp.mx\/UP1\/wp-content\/uploads\/VACANTE_LIDERCONTABLE.jpg' title='Vacante: Lider Contable' target=\"_blank\"  rel=\"noopener noreferrer\">Vacante: Lider Contable<\/a><\/div><\/header><div class='iconlist_content '  itemprop=\"text\" ><\/div><\/div><footer class=\"entry-footer\"><\/footer><\/article><div class=\"iconlist-timeline\"><\/div><\/li>\n<\/ul><\/div><br \/>\n<section  class='av_textblock_section av-jhw3lghw-fe4f6b52f277bb2ccd0e2901339c3558 '   itemscope=\"itemscope\" itemtype=\"https:\/\/schema.org\/CreativeWork\" ><div class='avia_textblock'  itemprop=\"text\" ><p>Pr\u00e1cticas profesionales en el \u00e1rea Fiscal y Contable, Jur\u00eddico y Mercadotecnia.<\/p>\n<p>Envi\u00e9 su solicitud a: <a href=\"&#x6d;&#97;i&#x6c;&#116;o&#x3a;&#105;n&#x66;&#111;&#64;&#x77;&#109;p&#x2e;&#x6d;x\">inf&#111;&#64;&#119;&#109;&#x70;&#x2e;&#x6d;&#x78;<\/a><\/p>\n<\/div><\/section><\/p>\n<\/div><\/div><\/div>\n","protected":false},"excerpt":{"rendered":"","protected":false},"author":9,"featured_media":0,"parent":0,"menu_order":0,"comment_status":"closed","ping_status":"closed","template":"","meta":{"footnotes":""},"class_list":["post-2468","page","type-page","status-publish","hentry"],"yoast_head":"<!-- This site is optimized with the Yoast SEO plugin v27.3 - https:\/\/yoast.com\/product\/yoast-seo-wordpress\/ -->\n<title>Hacer pr\u00e1cticas ein M\u00e9xico - WMP Mexico Advisors<\/title>\n<meta name=\"description\" content=\"Ofrecemos pr\u00e1cticas en M\u00e9xico en el \u00e1rea Fiscal y Contable, Jur\u00eddica o Mercadotecnia en nuestras sucursales en Queretaro, Puebla y la Ciudad de M\u00e9xico.\" \/>\n<meta name=\"robots\" content=\"index, follow, max-snippet:-1, max-image-preview:large, max-video-preview:-1\" \/>\n<link rel=\"canonical\" href=\"https:\/\/wmp.mx\/es\/vacantes\/\" \/>\n<meta property=\"og:locale\" content=\"es_ES\" \/>\n<meta property=\"og:type\" content=\"article\" \/>\n<meta property=\"og:title\" content=\"Hacer pr\u00e1cticas ein M\u00e9xico - WMP Mexico Advisors\" \/>\n<meta property=\"og:description\" content=\"Ofrecemos pr\u00e1cticas en M\u00e9xico en el \u00e1rea Fiscal y Contable, Jur\u00eddica o Mercadotecnia en nuestras sucursales en Queretaro, Puebla y la Ciudad de M\u00e9xico.\" \/>\n<meta property=\"og:url\" content=\"https:\/\/wmp.mx\/es\/vacantes\/\" \/>\n<meta property=\"og:site_name\" content=\"WMP Mexico Advisors\" \/>\n<meta property=\"article:modified_time\" content=\"2022-12-19T18:04:52+00:00\" \/>\n<meta name=\"twitter:card\" content=\"summary_large_image\" \/>\n<meta name=\"twitter:label1\" content=\"Est. reading time\" \/>\n\t<meta name=\"twitter:data1\" content=\"5 minutes\" \/>\n<script type=\"application\/ld+json\" class=\"yoast-schema-graph\">{\"@context\":\"https:\\\/\\\/schema.org\",\"@graph\":[{\"@type\":\"WebPage\",\"@id\":\"https:\\\/\\\/wmp.mx\\\/es\\\/vacantes\\\/\",\"url\":\"https:\\\/\\\/wmp.mx\\\/es\\\/vacantes\\\/\",\"name\":\"Hacer pr\u00e1cticas ein M\u00e9xico - WMP Mexico Advisors\",\"isPartOf\":{\"@id\":\"https:\\\/\\\/wmp.mx\\\/#website\"},\"datePublished\":\"2018-08-07T07:17:45+00:00\",\"dateModified\":\"2022-12-19T18:04:52+00:00\",\"description\":\"Ofrecemos pr\u00e1cticas en M\u00e9xico en el \u00e1rea Fiscal y Contable, Jur\u00eddica o Mercadotecnia en nuestras sucursales en Queretaro, Puebla y la Ciudad de M\u00e9xico.\",\"breadcrumb\":{\"@id\":\"https:\\\/\\\/wmp.mx\\\/es\\\/vacantes\\\/#breadcrumb\"},\"inLanguage\":\"es-ES\",\"potentialAction\":[{\"@type\":\"ReadAction\",\"target\":[\"https:\\\/\\\/wmp.mx\\\/es\\\/vacantes\\\/\"]}]},{\"@type\":\"BreadcrumbList\",\"@id\":\"https:\\\/\\\/wmp.mx\\\/es\\\/vacantes\\\/#breadcrumb\",\"itemListElement\":[{\"@type\":\"ListItem\",\"position\":1,\"name\":\"Startseite\",\"item\":\"https:\\\/\\\/wmp.mx\\\/es\\\/inicio\\\/\"},{\"@type\":\"ListItem\",\"position\":2,\"name\":\"Vacantes\"}]},{\"@type\":\"WebSite\",\"@id\":\"https:\\\/\\\/wmp.mx\\\/#website\",\"url\":\"https:\\\/\\\/wmp.mx\\\/\",\"name\":\"WMP Mexico Advisors\",\"description\":\"Queretaro | Mexiko Stadt | Puebla | Stuttgart | Greenville\",\"potentialAction\":[{\"@type\":\"SearchAction\",\"target\":{\"@type\":\"EntryPoint\",\"urlTemplate\":\"https:\\\/\\\/wmp.mx\\\/?s={search_term_string}\"},\"query-input\":{\"@type\":\"PropertyValueSpecification\",\"valueRequired\":true,\"valueName\":\"search_term_string\"}}],\"inLanguage\":\"es-ES\"}]}<\/script>\n<!-- \/ Yoast SEO plugin. -->","yoast_head_json":{"title":"Hacer pr\u00e1cticas ein M\u00e9xico - WMP Mexico Advisors","description":"Ofrecemos pr\u00e1cticas en M\u00e9xico en el \u00e1rea Fiscal y Contable, Jur\u00eddica o Mercadotecnia en nuestras sucursales en Queretaro, Puebla y la Ciudad de M\u00e9xico.","robots":{"index":"index","follow":"follow","max-snippet":"max-snippet:-1","max-image-preview":"max-image-preview:large","max-video-preview":"max-video-preview:-1"},"canonical":"https:\/\/wmp.mx\/es\/vacantes\/","og_locale":"es_ES","og_type":"article","og_title":"Hacer pr\u00e1cticas ein M\u00e9xico - WMP Mexico Advisors","og_description":"Ofrecemos pr\u00e1cticas en M\u00e9xico en el \u00e1rea Fiscal y Contable, Jur\u00eddica o Mercadotecnia en nuestras sucursales en Queretaro, Puebla y la Ciudad de M\u00e9xico.","og_url":"https:\/\/wmp.mx\/es\/vacantes\/","og_site_name":"WMP Mexico Advisors","article_modified_time":"2022-12-19T18:04:52+00:00","twitter_card":"summary_large_image","twitter_misc":{"Est. reading time":"5 minutes"},"schema":{"@context":"https:\/\/schema.org","@graph":[{"@type":"WebPage","@id":"https:\/\/wmp.mx\/es\/vacantes\/","url":"https:\/\/wmp.mx\/es\/vacantes\/","name":"Hacer pr\u00e1cticas ein M\u00e9xico - WMP Mexico Advisors","isPartOf":{"@id":"https:\/\/wmp.mx\/#website"},"datePublished":"2018-08-07T07:17:45+00:00","dateModified":"2022-12-19T18:04:52+00:00","description":"Ofrecemos pr\u00e1cticas en M\u00e9xico en el \u00e1rea Fiscal y Contable, Jur\u00eddica o Mercadotecnia en nuestras sucursales en Queretaro, Puebla y la Ciudad de M\u00e9xico.","breadcrumb":{"@id":"https:\/\/wmp.mx\/es\/vacantes\/#breadcrumb"},"inLanguage":"es-ES","potentialAction":[{"@type":"ReadAction","target":["https:\/\/wmp.mx\/es\/vacantes\/"]}]},{"@type":"BreadcrumbList","@id":"https:\/\/wmp.mx\/es\/vacantes\/#breadcrumb","itemListElement":[{"@type":"ListItem","position":1,"name":"Startseite","item":"https:\/\/wmp.mx\/es\/inicio\/"},{"@type":"ListItem","position":2,"name":"Vacantes"}]},{"@type":"WebSite","@id":"https:\/\/wmp.mx\/#website","url":"https:\/\/wmp.mx\/","name":"WMP Mexico Advisors","description":"Queretaro | Mexiko Stadt | Puebla | Stuttgart | Greenville","potentialAction":[{"@type":"SearchAction","target":{"@type":"EntryPoint","urlTemplate":"https:\/\/wmp.mx\/?s={search_term_string}"},"query-input":{"@type":"PropertyValueSpecification","valueRequired":true,"valueName":"search_term_string"}}],"inLanguage":"es-ES"}]}},"_links":{"self":[{"href":"https:\/\/wmp.mx\/es\/wp-json\/wp\/v2\/pages\/2468","targetHints":{"allow":["GET"]}}],"collection":[{"href":"https:\/\/wmp.mx\/es\/wp-json\/wp\/v2\/pages"}],"about":[{"href":"https:\/\/wmp.mx\/es\/wp-json\/wp\/v2\/types\/page"}],"author":[{"embeddable":true,"href":"https:\/\/wmp.mx\/es\/wp-json\/wp\/v2\/users\/9"}],"replies":[{"embeddable":true,"href":"https:\/\/wmp.mx\/es\/wp-json\/wp\/v2\/comments?post=2468"}],"version-history":[{"count":11,"href":"https:\/\/wmp.mx\/es\/wp-json\/wp\/v2\/pages\/2468\/revisions"}],"predecessor-version":[{"id":10849,"href":"https:\/\/wmp.mx\/es\/wp-json\/wp\/v2\/pages\/2468\/revisions\/10849"}],"wp:attachment":[{"href":"https:\/\/wmp.mx\/es\/wp-json\/wp\/v2\/media?parent=2468"}],"curies":[{"name":"wp","href":"https:\/\/api.w.org\/{rel}","templated":true}]}}