{"id":2480,"date":"2018-08-07T09:40:19","date_gmt":"2018-08-07T07:40:19","guid":{"rendered":"https:\/\/wmp.mx\/?page_id=2480"},"modified":"2019-02-28T11:54:13","modified_gmt":"2019-02-28T10:54:13","slug":"aviso-de-privacidad","status":"publish","type":"page","link":"https:\/\/wmp.mx\/es\/aviso-de-privacidad\/","title":{"rendered":"Aviso de privacidad"},"content":{"rendered":"\n<style type=\"text\/css\" data-created_by=\"avia_inline_auto\" id=\"style-css-av-1h9ar-668f22e7c1181ca8e21321fda980b57b\">\n.flex_column.av-1h9ar-668f22e7c1181ca8e21321fda980b57b{\nborder-radius:0px 0px 0px 0px;\npadding:0px 0px 0px 0px;\n}\n<\/style>\n<div  class='flex_column av-1h9ar-668f22e7c1181ca8e21321fda980b57b av_one_third  avia-builder-el-0  el_before_av_two_third  avia-builder-el-first  first flex_column_div av-zero-column-padding  '     ><section  class='av_textblock_section av-jhq9bx0a-d418ba278160f18b757c40efa69fe3d9 '   itemscope=\"itemscope\" itemtype=\"https:\/\/schema.org\/CreativeWork\" ><div class='avia_textblock'  itemprop=\"text\" ><h1>Aviso de privacidad<\/h1>\n<p>WMP Management Services<br \/>\nS. de R. L. de C. V.<\/p>\n<p>Pabello\u0301n Santa Fe<br \/>\nAnillo Vial Junipero Serra 2601 Residencial Juriquilla Santa Fe 76230 Quere\u0301taro, Quere\u0301taro Mexiko<\/p>\n<p>T: +52 (442) 209 6850<br \/>\nE-Mail: <a href=\"&#109;&#x61;i&#108;&#x74;o&#58;&#x69;n&#102;&#x6f;&#64;&#119;&#x6d;&#112;&#x2e;&#x6d;&#120;\">i&#110;&#102;&#x6f;&#x40;&#x77;m&#112;&#46;&#x6d;&#x78;<\/a><\/p>\n<\/div><\/section><\/div>\n\n<style type=\"text\/css\" data-created_by=\"avia_inline_auto\" id=\"style-css-av-zocn-a72b6e51668c8cd03343add6f920254c\">\n.flex_column.av-zocn-a72b6e51668c8cd03343add6f920254c{\nborder-radius:0px 0px 0px 0px;\npadding:0px 0px 0px 0px;\n}\n<\/style>\n<div  class='flex_column av-zocn-a72b6e51668c8cd03343add6f920254c av_two_third  avia-builder-el-2  el_after_av_one_third  avia-builder-el-last  flex_column_div av-zero-column-padding  '     ><section  class='av_textblock_section av-jhq9cfmv-b8cd93decf80dea9e28e09eaa84466ae '   itemscope=\"itemscope\" itemtype=\"https:\/\/schema.org\/CreativeWork\" ><div class='avia_textblock'  itemprop=\"text\" ><h1>1. Una visi\u00f3n general de la protecci\u00f3n de datos<\/h1>\n<h2>General<\/h2>\n<p>A continuaci\u00f3n, le ofrecemos un resumen sencillo de lo que ocurre con su informaci\u00f3n personal cuando visita nuestro sitio web. La informaci\u00f3n personal es cualquier dato con el que usted pueda ser identificado personalmente. Encontrar\u00e1 informaci\u00f3n detallada sobre el tema de la protecci\u00f3n de datos en nuestra pol\u00edtica de privacidad que se encuentra a continuaci\u00f3n.<\/p>\n<h2>Recolecci\u00f3n de datos en nuestro sitio web<\/h2>\n<p>\u00bfQui\u00e9n es responsable de la recopilaci\u00f3n de datos en este sitio web?<\/p>\n<p>Los datos recolectados en este sitio web son procesados por el operador del sitio web. Los datos de contacto del operador se encuentran en el aviso legal de la p\u00e1gina web.<\/p>\n<h3>\u00bfC\u00f3mo recolectamos sus datos?<\/h3>\n<p>Algunos datos se recolectan cuando usted nos los proporciona. Estos podr\u00edan ser, por ejemplo, los datos que se introducen en un formulario de contacto.<\/p>\n<p>Otros datos son recolectados autom\u00e1ticamente por nuestros sistemas inform\u00e1ticos cuando usted visita el sitio web. Estos datos son principalmente datos t\u00e9cnicos como el navegador y el sistema operativo que est\u00e1 utilizando o cuando accedi\u00f3 a la p\u00e1gina. Estos datos se recolectan autom\u00e1ticamente tan pronto como usted entra en nuestra p\u00e1gina web.<\/p>\n<h3>\u00bfPara qu\u00e9 utilizamos sus datos?<\/h3>\n<p>Parte de los datos se recolectan para garantizar el buen funcionamiento de la p\u00e1gina web. Otros datos pueden ser utilizados para analizar, c\u00f3mo los visitantes utilizan el sitio.<\/p>\n<h3>\u00bfQu\u00e9 derechos tiene con respecto a sus datos?<\/h3>\n<p>Usted siempre tiene el derecho de solicitar informaci\u00f3n sobre sus datos almacenados, su origen, sus destinatarios y el prop\u00f3sito de su recopilaci\u00f3n sin ning\u00fan cargo. Tambi\u00e9n tiene derecho a solicitar que se corrija, se bloquee o se elimine. Puede ponerse en contacto con nosotros en cualquier momento a trav\u00e9s de la direcci\u00f3n indicada en el aviso legal, si tiene m\u00e1s preguntas sobre el tema de la privacidad y la protecci\u00f3n de datos. Por supuesto, tambi\u00e9n puede presentar una queja ante las autoridades reguladoras competentes.<\/p>\n<h1>2. Informaci\u00f3n general y datos obligatorios<\/h1>\n<h2>Protecci\u00f3n de datos<\/h2>\n<p>Los operadores de este sitio web se toman muy en serio la protecci\u00f3n de sus datos personales. Tratamos a sus datos personales de forma confidencial y de acuerdo con las normas legales de protecci\u00f3n de datos y esta pol\u00edtica de privacidad.<\/p>\n<p>Si usted utiliza este sitio web, se recoger\u00e1n varios datos personales. La informaci\u00f3n personal es cualquier dato con el que usted pueda ser identificado personalmente. Esta pol\u00edtica de privacidad explica qu\u00e9 informaci\u00f3n recopilamos y para qu\u00e9 la utilizamos. Tambi\u00e9n explica c\u00f3mo y para qu\u00e9 prop\u00f3sito sucede esto.<\/p>\n<p>Tenga en cuenta que los datos mostrados a trav\u00e9s de Internet (por ejemplo, por correo electr\u00f3nico) pueden estar sujetos a violaciones de seguridad. No es posible proteger completamente sus datos del acceso de terceros.<\/p>\n<h2>Aviso sobre el responsable de este sitio web<\/h2>\n<p>El responsable del manejo de los datos de esta p\u00e1gina web es:<\/p>\n<p>Servicios de gesti\u00f3n de WMP<\/p>\n<ol>\n<li>de R. L. de C. V.<\/li>\n<\/ol>\n<p>Pabell\u00f3n Santa Fe<\/p>\n<p>Anillo Vial Junipero Serra 2601 Residencial Juriquilla Santa Fe 76230 Quer\u00e9taro, Quer\u00e9taro Mexiko<\/p>\n<p>T: +52 (442) 209 6850<\/p>\n<p>E-Mail: &#x69;&#110;f&#x6f;&#64;w&#x6d;&#x70;&#46;&#x6d;&#x78;<\/p>\n<p>El responsable es la persona f\u00edsica o jur\u00eddica que, por s\u00ed sola o junto con otras, decide los fines y medios del tratamiento de los datos personales (nombres, direcciones de correo electr\u00f3nico, etc.).<\/p>\n<h2>Revocaci\u00f3n de su consentimiento para el tratamiento de sus datos<\/h2>\n<p>Muchas operaciones de procesamiento de datos s\u00f3lo son posibles con su consentimiento expreso. Usted puede revocar su consentimiento en cualquier momento con efecto futuro. Un correo electr\u00f3nico informal haciendo esta solicitud es suficiente. Los datos procesados antes de que recibamos su solicitud pueden seguir siendo procesados legalmente.<\/p>\n<h2>Derecho a presentar quejas ante las autoridades reguladoras<\/h2>\n<p>Si se ha producido un incumplimiento de la legislaci\u00f3n de protecci\u00f3n de datos, la persona afectada podr\u00e1 presentar una reclamaci\u00f3n ante las autoridades reguladoras competentes. La autoridad reguladora competente para los asuntos relacionados con la legislaci\u00f3n de protecci\u00f3n de datos es el responsable de la protecci\u00f3n de datos del estado alem\u00e1n en el que se encuentra la sede de nuestra empresa. La lista de los responsables de la protecci\u00f3n de datos y sus datos de contacto puede consultarse en el siguiente enlace: https:\/\/www.bfdi.bund.de\/DE\/Infothek\/Anschriften_Links\/anschriften_links-node.html.<\/p>\n<h2>Cifrado SSL o TLS<\/h2>\n<p>Este sitio utiliza encriptaci\u00f3n SSL o TLS por razones de seguridad y para la protecci\u00f3n de la transmisi\u00f3n de contenido confidencial, como las consultas que usted nos env\u00eda como operador del sitio. Puede reconocer una conexi\u00f3n cifrada en la l\u00ednea de direcci\u00f3n de su navegador cuando cambia de &#8220;http:\/\/&#8221; a &#8220;https:\/\/&#8221; y el icono del candado aparece en la barra de direcciones de su navegador.<\/p>\n<p>Si se activa el cifrado SSL o TLS, los datos que usted nos transfiere no pueden ser le\u00eddos por terceros.<\/p>\n<h2>Oposici\u00f3n a correos electr\u00f3nicos promocionales<\/h2>\n<p>Por la presente prohibimos expresamente el uso de los datos de contacto publicados en el contexto de los requisitos de aviso legal del sitio web con respecto al env\u00edo de material promocional e informativo no solicitado expresamente. El operador del sitio web se reserva el derecho de emprender acciones legales espec\u00edficas si se recibe material publicitario no solicitado, como correo electr\u00f3nico no deseado.<\/p>\n<h1>3. Recolecci\u00f3n de datos en nuestro sitio web<\/h1>\n<h2>Cookies<\/h2>\n<p>Algunas de nuestras p\u00e1ginas web utilizan cookies. Las cookies no da\u00f1an su ordenador y no contienen virus. Las cookies ayudan a que nuestro sitio web sea m\u00e1s f\u00e1cil de usar, eficiente y seguro. Las cookies son peque\u00f1os archivos de texto que se almacenan en su ordenador y se guardan en la memoria.<\/p>\n<p>La mayor\u00eda de las cookies que utilizamos son las llamadas &#8220;cookies de sesi\u00f3n&#8221;. Se borran autom\u00e1ticamente despu\u00e9s de su visita. Otras cookies permanecen en la memoria de su dispositivo hasta que usted las borre. Estas cookies permiten reconocer su navegador cuando vuelva a visitar el sitio.<\/p>\n<p>Usted puede configurar su navegador para que le informe sobre el uso de cookies, de modo que pueda decidir, caso por caso, si acepta o rechaza una cookie. Alternativamente, su navegador puede configurarse para que acepte autom\u00e1ticamente las cookies bajo ciertas condiciones, para que las rechace siempre o para que las elimine autom\u00e1ticamente al cerrar su navegador. La desactivaci\u00f3n de las cookies puede limitar la funcionalidad de este sitio web.<\/p>\n<p>Las cookies que son necesarias para permitir las comunicaciones electr\u00f3nicas o para proporcionar ciertas funciones que usted desea utilizar (como el carrito de compras) se almacenan de conformidad con el (Art. 6, P\u00e1rrafo 1, letra f) de la DSGVO. El operador del sitio web tiene un inter\u00e9s leg\u00edtimo en el almacenamiento de cookies para garantizar un servicio optimizado y libre de errores t\u00e9cnicos. Si otras cookies (como las que se utilizan para analizar su comportamiento de navegaci\u00f3n) tambi\u00e9n se almacenan, se tratar\u00e1n por separado en esta pol\u00edtica de privacidad.<\/p>\n<h2>Archivos de registro del servidor<\/h2>\n<p>El proveedor del sitio web, recopila y almacena autom\u00e1ticamente la informaci\u00f3n que su navegador nos transmite autom\u00e1ticamente en &#8220;archivos de registro del servidor&#8221;. Estos son:<\/p>\n<ul>\n<li>Tipo y versi\u00f3n del navegador<\/li>\n<li>Sistema operativo utilizado<\/li>\n<li>URL de referencia<\/li>\n<li>Nombre de host del ordenador de acceso<\/li>\n<li>Hora de la solicitud del servidor<\/li>\n<li>direcci\u00f3n de IP<\/li>\n<\/ul>\n<p>Estos datos no se combinar\u00e1n con datos de otras fuentes.<\/p>\n<p>La base para el tratamiento de datos es el (Art. 6 P\u00e1rrafo 1 letra f de la DSGVO), que permite el procesamiento de datos para cumplir un contrato o para medidas previas a un contrato.<\/p>\n<h2>Formulario de contacto<\/h2>\n<p>En caso de que nos env\u00ede preguntas a trav\u00e9s del formulario de contacto, recopilaremos los datos introducidos en el formulario, incluidos los datos de contacto que nos proporcione, para responder a su pregunta y a cualquier otra pregunta de seguimiento. No compartimos esta informaci\u00f3n sin su permiso.<\/p>\n<p>Por lo tanto, procesaremos cualquier dato que usted introduzca en el formulario de contacto s\u00f3lo con su consentimiento de conformidad con el (Art. 6 P\u00e1rrafo 1 letra f de la DSGVO). Usted puede revocar su consentimiento en cualquier momento. Un correo electr\u00f3nico informal haciendo esta solicitud es suficiente. Los datos procesados antes de que recibamos su solicitud pueden seguir siendo procesados legalmente.<\/p>\n<p>Conservaremos los datos que nos facilite en el formulario de contacto hasta que solicite su eliminaci\u00f3n, revoque su consentimiento para su almacenamiento o hasta que deje de existir la finalidad de su almacenamiento, ya sea despu\u00e9s de satisfacer su solicitud, etc. Las disposiciones legales obligatorias, especialmente las relativas a los plazos de conservaci\u00f3n de datos obligatorios, no se ver\u00e1n afectadas por esta disposici\u00f3n.<\/p>\n<h1>4. Plugins y herramientas<\/h1>\n<h2>YouTube<\/h2>\n<p>Nuestro sitio web utiliza plugins de YouTube, que es operado por Google. El operador de las p\u00e1ginas es YouTube LLC, 901 Cherry Ave, San Bruno, CA 94066, USA.<\/p>\n<p>Si visita una de nuestras p\u00e1ginas con un plugin de YouTube, se establece una conexi\u00f3n con los servidores de YouTube. Aqu\u00ed se informa al servidor de YouTube sobre las p\u00e1ginas que ha visitado.<\/p>\n<p>Si ha iniciado sesi\u00f3n en su cuenta de YouTube, YouTube le permite asociar su comportamiento de navegaci\u00f3n directamente con su perfil personal. Puede evitarlo saliendo de tu cuenta de YouTube.<\/p>\n<p>YouTube se utiliza para ayudar a que nuestro sitio web sea atractivo. Esto constituye un inter\u00e9s justificado de conformidad con el (Art. 6 P\u00e1rrafo 1 letra f de la DSGVO).<\/p>\n<p>Para m\u00e1s informaci\u00f3n sobre el tratamiento de los datos de los usuarios, consulte la declaraci\u00f3n de protecci\u00f3n de datos de YouTube en https:\/\/www.google.de\/intl\/de\/policies\/privacy.<\/p>\n<h2>Google Web Fonts<\/h2>\n<p>Para una representaci\u00f3n uniforme de las fuentes, esta p\u00e1gina utiliza las fuentes web proporcionadas por Google. Al abrir una p\u00e1gina, el navegador carga las fuentes web necesarias en la cach\u00e9 del navegador para mostrar los textos y las fuentes correctamente.<\/p>\n<p>Para ello, su navegador debe establecer una conexi\u00f3n directa con los servidores de Google. De este modo, Google se da cuenta de que se ha accedido a nuestra p\u00e1gina web a trav\u00e9s de su direcci\u00f3n IP. El uso de las fuentes de Google Web se hace en inter\u00e9s de una presentaci\u00f3n uniforme y atractiva de nuestro sitio web. Esto constituye un inter\u00e9s justificado de conformidad con el (Art. 6 P\u00e1rrafo 1 letra f de la DSGVO).<\/p>\n<p>Si su navegador no soporta fuentes web, su ordenador utiliza una fuente est\u00e1ndar.<\/p>\n<p>Para obtener m\u00e1s informaci\u00f3n sobre el tratamiento de los datos de los usuarios, consulte https:\/\/developers.google.com\/fonts\/faq y la pol\u00edtica de privacidad de Google en https:\/\/www.google.com\/policies\/privacy\/.<\/p>\n<h2>Google Maps<\/h2>\n<p>Este sitio utiliza el servicio de mapas de Google Maps a trav\u00e9s de una API. Es operado por Google Ireland Limited, Gordon House, Barrow Street, Dublin 4, Irlanda.<\/p>\n<p>Para utilizar Google Maps, es necesario guardar su direcci\u00f3n IP. Esta informaci\u00f3n se transmite generalmente a un servidor de Google en los EE.UU. y se almacena all\u00ed. El proveedor de este sitio no tiene ninguna influencia en esta transferencia de datos.<\/p>\n<p>El uso de Google Maps tiene por objeto hacer que nuestro sitio web resulte atractivo y facilitar la ubicaci\u00f3n de los lugares especificados por nosotros en el sitio web. Esto constituye un inter\u00e9s justificado de conformidad con el (Art. 6 P\u00e1rrafo 1 letra f de la DSGVO).<\/p>\n<p>Para obtener m\u00e1s informaci\u00f3n sobre el tratamiento de los datos de los usuarios, consulte la declaraci\u00f3n de protecci\u00f3n de datos de Google en <a href=\"https:\/\/www.google.de\/intl\/de\/policies\/privacy\/\">https:\/\/www.google.de\/intl\/de\/policies\/privacy\/<\/a>.<\/p>\n<h1>5. An\u00e1lisis y publicidad<\/h1>\n<h2>Google Analytics<\/h2>\n<p>Este sitio web utiliza Google Analytics, un servicio de an\u00e1lisis web. Es operado por Google Ireland Limited, Gordon House, Barrow Street, Dublin 4, Irlanda.<\/p>\n<p>Google Analytics utiliza las llamadas &#8220;cookies&#8221;. Se trata de archivos de texto que se almacenan en su ordenador y que permiten un an\u00e1lisis del uso que usted hace del sitio web. La informaci\u00f3n generada por la cookie acerca de su uso de este sitio web se transmite normalmente a un servidor de Google en los EE.UU. y se almacena all\u00ed.<\/p>\n<p>Las cookies de Google Analytics se almacenan en base al Art. 6 (1) (f) DSGVO. El operador del sitio web tiene un inter\u00e9s leg\u00edtimo en analizar el comportamiento del usuario para optimizar tanto su sitio web como su publicidad.<\/p>\n<h3>Anonimizaci\u00f3n de IP<\/h3>\n<p>Hemos activado la funci\u00f3n de anonimato de IP en este sitio web. Google reducir\u00e1 su direcci\u00f3n IP dentro de la Uni\u00f3n Europea y otras partes del Acuerdo sobre el Espacio Econ\u00f3mico Europeo antes de su transmisi\u00f3n a los Estados Unidos. S\u00f3lo en casos excepcionales se env\u00eda la direcci\u00f3n IP completa a un servidor de Google en los EE.UU. y se reduce all\u00ed. Google utilizar\u00e1 esta informaci\u00f3n en nombre del operador de este sitio web para evaluar su uso del sitio web, para compilar informes sobre la actividad del sitio web y para proporcionar otros servicios relacionados con la actividad del sitio web y el uso de Internet para el operador del sitio web. La direcci\u00f3n IP transmitida por su navegador como parte de Google Analytics no se fusionar\u00e1 con ning\u00fan otro dato que posea Google.<\/p>\n<h3>Plugin del navegador<\/h3>\n<p>Es posible evitar que estas cookies se almacenen seleccionando la configuraci\u00f3n adecuada en su navegador. Sin embargo, queremos se\u00f1alar que hacerlo puede significar que usted no podr\u00e1 disfrutar de la plena funcionalidad de este sitio web. Tambi\u00e9n puede evitar que los datos generados por las cookies sobre su uso del sitio web (incluida su direcci\u00f3n IP) se transmitan a Google, as\u00ed como el procesamiento de estos datos por parte de Google, descargando e instalando el complemento del navegador disponible en el siguiente enlace:<\/p>\n<p>https:\/\/tools.google.com\/dlpage\/gaoptout?hl=es.<\/p>\n<h3>Objeci\u00f3n a la recopilaci\u00f3n de datos<\/h3>\n<p>Puede evitar que Google Analytics recopile sus datos haciendo clic en el siguiente enlace. Se establecer\u00e1 una cookie de exclusi\u00f3n para evitar que sus datos sean recopilados en futuras visitas a este sitio:<\/p>\n<\/div><\/section><br \/>\n<br \/>\n<section  class='av_textblock_section av-jsoibkqi-d054d902d6c5d5e812688adb1c55bd5e '   itemscope=\"itemscope\" itemtype=\"https:\/\/schema.org\/CreativeWork\" ><div class='avia_textblock'  itemprop=\"text\" ><p>Para obtener m\u00e1s informaci\u00f3n sobre el modo en que Google Analytics gestiona los datos de los usuarios, consulte la pol\u00edtica de privacidad de Google: <a href=\"https:\/\/support.google.com\/analytics\/answer\/6004245?hl=es\">https:\/\/support.google.com\/analytics\/answer\/6004245?hl=es<\/a>.<\/p>\n<h3>Procesamiento externo de datos<\/h3>\n<p>Hemos firmado un acuerdo con Google para la externalizaci\u00f3n de nuestro procesamiento de datos y aplicamos plenamente los estrictos requisitos de las autoridades alemanas de protecci\u00f3n de datos al utilizar Google Analytics.<\/p>\n<h3>Recopilaci\u00f3n de datos demogr\u00e1ficos por Google Analytics<\/h3>\n<p>Este sitio web utiliza las funciones demogr\u00e1ficas de Google Analytics. Esto permite generar informes que contienen declaraciones sobre la edad, el sexo y los intereses de los visitantes del sitio. Estos datos proceden de publicidad basada en intereses de Google y de datos de visitantes de terceros. Estos datos recopilados no pueden ser atribuidos a ninguna persona en particular. Puede desactivar esta funci\u00f3n en cualquier momento ajustando la configuraci\u00f3n de los anuncios en su cuenta de Google o puede prohibir la recopilaci\u00f3n de sus datos por parte de Google Analytics, tal y como se describe en la secci\u00f3n &#8220;Rechazo de la recopilaci\u00f3n de datos&#8221;.<\/p>\n<\/div><\/section><\/p><\/div>\n","protected":false},"excerpt":{"rendered":"","protected":false},"author":9,"featured_media":0,"parent":0,"menu_order":0,"comment_status":"closed","ping_status":"closed","template":"","meta":{"footnotes":""},"class_list":["post-2480","page","type-page","status-publish","hentry"],"yoast_head":"<!-- This site is optimized with the Yoast SEO plugin v27.4 - https:\/\/yoast.com\/product\/yoast-seo-wordpress\/ -->\n<title>Aviso de privacidad - WMP Mexico Advisors<\/title>\n<meta name=\"robots\" content=\"index, follow, max-snippet:-1, max-image-preview:large, max-video-preview:-1\" \/>\n<link rel=\"canonical\" href=\"https:\/\/wmp.mx\/es\/aviso-de-privacidad\/\" \/>\n<meta property=\"og:locale\" content=\"es_ES\" \/>\n<meta property=\"og:type\" content=\"article\" \/>\n<meta property=\"og:title\" content=\"Aviso de privacidad - WMP Mexico Advisors\" \/>\n<meta property=\"og:url\" content=\"https:\/\/wmp.mx\/es\/aviso-de-privacidad\/\" \/>\n<meta property=\"og:site_name\" content=\"WMP Mexico Advisors\" \/>\n<meta property=\"article:modified_time\" content=\"2019-02-28T10:54:13+00:00\" \/>\n<meta name=\"twitter:card\" content=\"summary_large_image\" \/>\n<meta name=\"twitter:label1\" content=\"Est. reading time\" \/>\n\t<meta name=\"twitter:data1\" content=\"15 minutes\" \/>\n<script type=\"application\/ld+json\" class=\"yoast-schema-graph\">{\"@context\":\"https:\\\/\\\/schema.org\",\"@graph\":[{\"@type\":\"WebPage\",\"@id\":\"https:\\\/\\\/wmp.mx\\\/es\\\/aviso-de-privacidad\\\/\",\"url\":\"https:\\\/\\\/wmp.mx\\\/es\\\/aviso-de-privacidad\\\/\",\"name\":\"Aviso de privacidad - WMP Mexico Advisors\",\"isPartOf\":{\"@id\":\"https:\\\/\\\/wmp.mx\\\/#website\"},\"datePublished\":\"2018-08-07T07:40:19+00:00\",\"dateModified\":\"2019-02-28T10:54:13+00:00\",\"breadcrumb\":{\"@id\":\"https:\\\/\\\/wmp.mx\\\/es\\\/aviso-de-privacidad\\\/#breadcrumb\"},\"inLanguage\":\"es-ES\",\"potentialAction\":[{\"@type\":\"ReadAction\",\"target\":[\"https:\\\/\\\/wmp.mx\\\/es\\\/aviso-de-privacidad\\\/\"]}]},{\"@type\":\"BreadcrumbList\",\"@id\":\"https:\\\/\\\/wmp.mx\\\/es\\\/aviso-de-privacidad\\\/#breadcrumb\",\"itemListElement\":[{\"@type\":\"ListItem\",\"position\":1,\"name\":\"Startseite\",\"item\":\"https:\\\/\\\/wmp.mx\\\/es\\\/inicio\\\/\"},{\"@type\":\"ListItem\",\"position\":2,\"name\":\"Aviso de privacidad\"}]},{\"@type\":\"WebSite\",\"@id\":\"https:\\\/\\\/wmp.mx\\\/#website\",\"url\":\"https:\\\/\\\/wmp.mx\\\/\",\"name\":\"WMP Mexico Advisors\",\"description\":\"Queretaro | Mexiko Stadt | Puebla | Stuttgart | Greenville\",\"potentialAction\":[{\"@type\":\"SearchAction\",\"target\":{\"@type\":\"EntryPoint\",\"urlTemplate\":\"https:\\\/\\\/wmp.mx\\\/?s={search_term_string}\"},\"query-input\":{\"@type\":\"PropertyValueSpecification\",\"valueRequired\":true,\"valueName\":\"search_term_string\"}}],\"inLanguage\":\"es-ES\"}]}<\/script>\n<!-- \/ Yoast SEO plugin. -->","yoast_head_json":{"title":"Aviso de privacidad - WMP Mexico Advisors","robots":{"index":"index","follow":"follow","max-snippet":"max-snippet:-1","max-image-preview":"max-image-preview:large","max-video-preview":"max-video-preview:-1"},"canonical":"https:\/\/wmp.mx\/es\/aviso-de-privacidad\/","og_locale":"es_ES","og_type":"article","og_title":"Aviso de privacidad - WMP Mexico Advisors","og_url":"https:\/\/wmp.mx\/es\/aviso-de-privacidad\/","og_site_name":"WMP Mexico Advisors","article_modified_time":"2019-02-28T10:54:13+00:00","twitter_card":"summary_large_image","twitter_misc":{"Est. reading time":"15 minutes"},"schema":{"@context":"https:\/\/schema.org","@graph":[{"@type":"WebPage","@id":"https:\/\/wmp.mx\/es\/aviso-de-privacidad\/","url":"https:\/\/wmp.mx\/es\/aviso-de-privacidad\/","name":"Aviso de privacidad - WMP Mexico Advisors","isPartOf":{"@id":"https:\/\/wmp.mx\/#website"},"datePublished":"2018-08-07T07:40:19+00:00","dateModified":"2019-02-28T10:54:13+00:00","breadcrumb":{"@id":"https:\/\/wmp.mx\/es\/aviso-de-privacidad\/#breadcrumb"},"inLanguage":"es-ES","potentialAction":[{"@type":"ReadAction","target":["https:\/\/wmp.mx\/es\/aviso-de-privacidad\/"]}]},{"@type":"BreadcrumbList","@id":"https:\/\/wmp.mx\/es\/aviso-de-privacidad\/#breadcrumb","itemListElement":[{"@type":"ListItem","position":1,"name":"Startseite","item":"https:\/\/wmp.mx\/es\/inicio\/"},{"@type":"ListItem","position":2,"name":"Aviso de privacidad"}]},{"@type":"WebSite","@id":"https:\/\/wmp.mx\/#website","url":"https:\/\/wmp.mx\/","name":"WMP Mexico Advisors","description":"Queretaro | Mexiko Stadt | Puebla | Stuttgart | Greenville","potentialAction":[{"@type":"SearchAction","target":{"@type":"EntryPoint","urlTemplate":"https:\/\/wmp.mx\/?s={search_term_string}"},"query-input":{"@type":"PropertyValueSpecification","valueRequired":true,"valueName":"search_term_string"}}],"inLanguage":"es-ES"}]}},"_links":{"self":[{"href":"https:\/\/wmp.mx\/es\/wp-json\/wp\/v2\/pages\/2480","targetHints":{"allow":["GET"]}}],"collection":[{"href":"https:\/\/wmp.mx\/es\/wp-json\/wp\/v2\/pages"}],"about":[{"href":"https:\/\/wmp.mx\/es\/wp-json\/wp\/v2\/types\/page"}],"author":[{"embeddable":true,"href":"https:\/\/wmp.mx\/es\/wp-json\/wp\/v2\/users\/9"}],"replies":[{"embeddable":true,"href":"https:\/\/wmp.mx\/es\/wp-json\/wp\/v2\/comments?post=2480"}],"version-history":[{"count":0,"href":"https:\/\/wmp.mx\/es\/wp-json\/wp\/v2\/pages\/2480\/revisions"}],"wp:attachment":[{"href":"https:\/\/wmp.mx\/es\/wp-json\/wp\/v2\/media?parent=2480"}],"curies":[{"name":"wp","href":"https:\/\/api.w.org\/{rel}","templated":true}]}}