{"id":3617,"date":"2018-10-18T14:16:57","date_gmt":"2018-10-18T12:16:57","guid":{"rendered":"https:\/\/wmp.mx\/recht-mexiko\/"},"modified":"2022-04-13T10:57:34","modified_gmt":"2022-04-13T08:57:34","slug":"leyes-mexico","status":"publish","type":"page","link":"https:\/\/wmp.mx\/es\/leyes-mexico\/","title":{"rendered":"Leyes M\u00e9xico"},"content":{"rendered":"\n<style type=\"text\/css\" data-created_by=\"avia_inline_auto\" id=\"style-css-av-jht9fz32-97ebbcf2db4590be357bf6df6cdf5c34\">\n.avia-section.av-jht9fz32-97ebbcf2db4590be357bf6df6cdf5c34 .av-section-color-overlay{\nopacity:0.8;\nbackground-color:#ffffff;\n}\n<\/style>\n<div id='wmp-tax-accounting'  class='avia-section av-jht9fz32-97ebbcf2db4590be357bf6df6cdf5c34 main_color avia-section-default avia-no-border-styling  avia-builder-el-0  avia-builder-el-no-sibling  avia-bg-style-scroll av-section-color-overlay-active av-minimum-height av-minimum-height-75 av-height-75  container_wrap fullsize'   data-av_minimum_height_pc='75' data-av_min_height_opt='75'><div class=\"av-section-color-overlay-wrap\"><div class=\"av-section-color-overlay\"><\/div><div class='container av-section-cont-open' ><main  role=\"main\" itemprop=\"mainContentOfPage\"  class='template-page content  av-content-full alpha units'><div class='post-entry post-entry-type-page post-entry-3617'><div class='entry-content-wrapper clearfix'>\n\n<style type=\"text\/css\" data-created_by=\"avia_inline_auto\" id=\"style-css-av-l0s7ni19-a1c806d371759888af51d5f64d8a07bf\">\n.avia-image-container.av-l0s7ni19-a1c806d371759888af51d5f64d8a07bf img.avia_image{\nbox-shadow:none;\n}\n.avia-image-container.av-l0s7ni19-a1c806d371759888af51d5f64d8a07bf .av-image-caption-overlay-center{\ncolor:#ffffff;\n}\n<\/style>\n<div  class='avia-image-container av-l0s7ni19-a1c806d371759888af51d5f64d8a07bf av-styling- avia-align-left  avia-builder-el-1  el_before_av_textblock  avia-builder-el-first '   itemprop=\"image\" itemscope=\"itemscope\" itemtype=\"https:\/\/schema.org\/ImageObject\" ><div class=\"avia-image-container-inner\"><div class=\"avia-image-overlay-wrap\"><img decoding=\"async\" fetchpriority=\"high\" class='wp-image-9474 avia-img-lazy-loading-not-9474 avia_image ' src=\"https:\/\/wmp.mx\/UP1\/wp-content\/uploads\/WMP-Legal-1.png\" alt='' title='WMP-Legal'  height=\"240\" width=\"792\"  itemprop=\"thumbnailUrl\" srcset=\"https:\/\/wmp.mx\/UP1\/wp-content\/uploads\/WMP-Legal-1.png 792w, https:\/\/wmp.mx\/UP1\/wp-content\/uploads\/WMP-Legal-1-300x91.png 300w, https:\/\/wmp.mx\/UP1\/wp-content\/uploads\/WMP-Legal-1-768x233.png 768w, https:\/\/wmp.mx\/UP1\/wp-content\/uploads\/WMP-Legal-1-705x214.png 705w\" sizes=\"(max-width: 792px) 100vw, 792px\" \/><\/div><\/div><\/div>\n<section  class='av_textblock_section av-jlqy0qdg-ea918bc308671e02c2284f093c680ec6 '   itemscope=\"itemscope\" itemtype=\"https:\/\/schema.org\/CreativeWork\" ><div class='avia_textblock'  itemprop=\"text\" ><p><img loading=\"lazy\" decoding=\"async\" class=\"alignright size-portfolio wp-image-1470\" src=\"https:\/\/wmp.mx\/UP1\/wp-content\/uploads\/\/bbusiness-495x400.jpg\" alt=\"\" width=\"495\" height=\"400\" srcset=\"https:\/\/wmp.mx\/UP1\/wp-content\/uploads\/bbusiness-495x400.jpg 495w, https:\/\/wmp.mx\/UP1\/wp-content\/uploads\/bbusiness-845x684.jpg 845w\" sizes=\"auto, (max-width: 495px) 100vw, 495px\" \/><\/p>\n<h3>\u00bfQui\u00e9nes somos?<\/h3>\n<p>WMP Legal es un bufete de abogados germano-mexicano que forma parte del grupo WMP Mexico Advisors, con m\u00e1s de 10 a\u00f1os asistiendo a empresas medianas internacionales en todos los temas de derecho empresarial. Atendemos a m\u00e1s de 150 clientes de diez pa\u00edses diferentes en M\u00e9xico.<\/p>\n<p>Gracias a nuestra proximidad al negocio operativo de nuestros clientes y a nuestra especializaci\u00f3n en el \u00e1mbito de derecho de sociedades, somos su socio competente. Con nosotros a su lado, puede centrarse en su negocio diario con tranquilidad mientras nos aseguramos que todas las operaciones cumplan con la legislaci\u00f3n mexicana. Nuestros abogados estar\u00e1n encantados de asesorarle en espa\u00f1ol, ingl\u00e9s y alem\u00e1n para explicarle cuestiones complejas de forma comprensible.<\/p>\n<h3>Incorporaci\u00f3n en M\u00e9xico<\/h3>\n<p>\u00bfSab\u00edas que el proceso de incorporaci\u00f3n en M\u00e9xico requiere un trabajo preciso?<\/p>\n<p>Especialmente si quiere constituir una sociedad r\u00e1pidamente, no debe haber inexactitudes en el intercambio con las autoridades, ya que esto no solo retrasar\u00e1 la constituci\u00f3n, sino que tambi\u00e9n puede causar altos gastos. Para evitarle esto al entrar en el mercado mexicano, estamos aqu\u00ed para ayudarle en cada paso de la incorporaci\u00f3n de su negocio. Nuestros abogados de WMP Legal le ayudar\u00e1n con todos los procedimientos gubernamentales locales e instancias p\u00fablicas, hasta la apertura de cuentas bancarias. Le informamos regularmente sobre el estado actual y le ofrecemos siempre una persona de contacto alemana o multiling\u00fce y competente para evitar las barreras ling\u00fc\u00edsticas.<\/p>\n<h3>Servicio de Cumplimiento Legal<\/h3>\n<p>\u00bfYa es due\u00f1o de una empresa mexicana y le gustar\u00eda que la revisaran de acuerdo con las directrices de cumplimiento actuales?<\/p>\n<p>WMP Legal le apoya con abogados especializados para cumplir con los requisitos legales existentes en M\u00e9xico. Estaremos encantados de asesorarle sobre las disposiciones legales y las obligaciones que debe cumplir, protegi\u00e9ndole as\u00ed de procedimientos largos y costosos. Adem\u00e1s, nos ocupamos de la junta anual de accionistas para la aprobaci\u00f3n de los estados financieros anuales y de la preparaci\u00f3n, auditor\u00eda y finalizaci\u00f3n de los libros de la empresa, as\u00ed como de la preparaci\u00f3n de los certificados de la empresa o de las acciones. De este modo, hablamos el idioma de nuestros clientes y les explicamos cuestiones complicadas de forma que sean comprensibles. Nuestro equipo internacional es una gran ayuda: hablamos espa\u00f1ol, ingl\u00e9s y alem\u00e1n.<\/p>\n<h3>Legislaci\u00f3n laboral mexicana<\/h3>\n<p>\u00bfSab\u00edas que los despidos en M\u00e9xico sin amparo pueden ser muy costosos?<\/p>\n<p>\u00bfLe resulta dif\u00edcil trasladar las condiciones contractuales de su pa\u00eds de origen al sistema mexicano?<\/p>\n<p>De hecho, adem\u00e1s de evitar demandas, cumplir con las NOM, la elaboraci\u00f3n de contratos de trabajo locales es uno de los mayores retos tras establecer sus operaciones en M\u00e9xico.\u00a0 Nuestros abogados conocen bien la legislaci\u00f3n laboral mexicana y pueden ayudarle a redactar los contratos de trabajo, as\u00ed como los t\u00e9rminos legales.\u00a0 De esta manera, usted puede estar seguro de que sus empleados son contratados correctamente y, sobre todo, que est\u00e1n vinculados a su empresa en el altamente competitivo mercado laboral mexicano. Tambi\u00e9n debe negociar con los sindicatos en M\u00e9xico con un experto a su lado, y estaremos encantados de ayudarle con esto.<\/p>\n<p>Por desgracia, en el d\u00eda a d\u00eda no siempre se pueden evitar los conflictos entre empresarios y trabajadores. Con gusto le asesoramos y mediamos en su inter\u00e9s en primera instancia y le ayudamos a evitar conflictos legales mediante la elaboraci\u00f3n de un reglamento interno de acuerdo con la legislaci\u00f3n laboral mexicana.<\/p>\n<h3>Derecho de sociedades<\/h3>\n<p>\u00bfNo est\u00e1 seguro de sus obligaciones legales como empresa mexicana?<\/p>\n<p>Nuestros abogados le ayudar\u00e1n y apoyar\u00e1n en todas las cuestiones de derecho empresarial. Adem\u00e1s de los plenos poderes, las Asambleas Anuales son una de nuestras principales competencias. Tambi\u00e9n, comprobamos los cambios en los libros de la empresa durante el a\u00f1o comercial en curso. Entre otras cosas, nos encargamos de la realizaci\u00f3n de las juntas de la empresa, por ejemplo, para la ampliaci\u00f3n de capital, la concesi\u00f3n de poderes y\/o la cesi\u00f3n de acciones de la empresa. Conocemos los requisitos de las autoridades mexicanas y adaptamos sus contratos a las reformas vigentes.<\/p>\n<h3>Celebraci\u00f3n y redacci\u00f3n de contratos<\/h3>\n<p>\u00bfDesea evitar costosos malentendidos, complicadas rescisiones de contratos y cl\u00e1usulas desfavorables a la hora de celebrarlos?<\/p>\n<p>Las cl\u00e1usulas contractuales excesivamente largas, un derecho de rescisi\u00f3n desfavorable, la falta de seguridad jur\u00eddica y las declaraciones de responsabilidad incompletas son s\u00f3lo algunos de los problemas que puede encontrar al celebrar contratos. Nuestra recomendaci\u00f3n: haga revisar o redactar sus contratos por nuestros abogados. Nuestros expertos le asesorar\u00e1n sobre el contenido de sus contratos, evitando as\u00ed malentendidos y garantizando el cumplimiento de los principios legales.\u00a0 Representamos sus intereses y redactamos los contratos en forma biling\u00fce, para que pueda superar f\u00e1cilmente las barreras ling\u00fc\u00edsticas y tomar r\u00e1pidamente las decisiones importantes.<\/p>\n<h3>Servicio de visado para M\u00e9xico<\/h3>\n<p>\u00bfTiene dificultades para entender el proceso de visado en M\u00e9xico y le gustar\u00eda evitar largos tiempos de espera, gastos elevados o problemas al entrar o salir del pa\u00eds?<\/p>\n<p>Entrar en M\u00e9xico, obtener un permiso de trabajo y visitar el consulado son s\u00f3lo algunos de los obst\u00e1culos a los que se enfrentar\u00e1 al establecer su negocio en M\u00e9xico. No s\u00f3lo le explicaremos la complicada ley de migraci\u00f3n, sino que trabajaremos con usted para encontrar una soluci\u00f3n individual. Le apoyamos durante todo el proceso de solicitud o renovaci\u00f3n de su visado.\u00a0 Al contratar empleados del extranjero, nos encargamos de la solicitud de permisos de trabajo por usted y preparamos todos los documentos necesarios.<\/p>\n<h3>La protecci\u00f3n de la marca en M\u00e9xico<\/h3>\n<p>WMP Legal se encargar\u00e1 del registro de marcas y lemas por usted ante las autoridades mexicanas. Aseg\u00farese de que su marca no est\u00e9 registrada por terceros. Especialmente si tiene un alto valor de reconocimiento, el registro es aconsejable.<\/p>\n<h3>Disoluci\u00f3n de empresas mexicanas<\/h3>\n<p>\u00bfQuiere disolver su empresa mexicana?<\/p>\n<p>Estaremos encantados de acompa\u00f1arle durante todo el trayecto. Desde la preparaci\u00f3n de las correspondientes juntas de la empresa, la cancelaci\u00f3n del n\u00famero de identificaci\u00f3n fiscal hasta el cierre de las cuentas bancarias, nos encargamos de todos los pasos necesarios para usted.<\/p>\n<\/div><\/section>\n\n","protected":false},"excerpt":{"rendered":"","protected":false},"author":1,"featured_media":0,"parent":0,"menu_order":0,"comment_status":"closed","ping_status":"closed","template":"","meta":{"footnotes":""},"class_list":["post-3617","page","type-page","status-publish","hentry"],"yoast_head":"<!-- This site is optimized with the Yoast SEO plugin v27.4 - https:\/\/yoast.com\/product\/yoast-seo-wordpress\/ -->\n<title>Consultora legal para Mexico- WMP Mexico Advisors<\/title>\n<meta name=\"description\" content=\"Nuestra consultora legal ayuda a compa\u00f1\u00edas internacionales de tama\u00f1o mediano en todos los asuntos comerciales, legales y administrativos en Mexico.\" \/>\n<meta name=\"robots\" content=\"index, follow, max-snippet:-1, max-image-preview:large, max-video-preview:-1\" \/>\n<link rel=\"canonical\" href=\"https:\/\/wmp.mx\/es\/leyes-mexico\/\" \/>\n<meta property=\"og:locale\" content=\"es_ES\" \/>\n<meta property=\"og:type\" content=\"article\" \/>\n<meta property=\"og:title\" content=\"Consultora legal para Mexico- WMP Mexico Advisors\" \/>\n<meta property=\"og:description\" content=\"Nuestra consultora legal ayuda a compa\u00f1\u00edas internacionales de tama\u00f1o mediano en todos los asuntos comerciales, legales y administrativos en Mexico.\" \/>\n<meta property=\"og:url\" content=\"https:\/\/wmp.mx\/es\/leyes-mexico\/\" \/>\n<meta property=\"og:site_name\" content=\"WMP Mexico Advisors\" \/>\n<meta property=\"article:modified_time\" content=\"2022-04-13T08:57:34+00:00\" \/>\n<meta property=\"og:image\" content=\"https:\/\/wmp.mx\/UP1\/wp-content\/uploads\/\/bbusiness-495x400.jpg\" \/>\n<meta name=\"twitter:card\" content=\"summary_large_image\" \/>\n<meta name=\"twitter:label1\" content=\"Est. reading time\" \/>\n\t<meta name=\"twitter:data1\" content=\"7 minutes\" \/>\n<script type=\"application\/ld+json\" class=\"yoast-schema-graph\">{\"@context\":\"https:\\\/\\\/schema.org\",\"@graph\":[{\"@type\":\"WebPage\",\"@id\":\"https:\\\/\\\/wmp.mx\\\/es\\\/leyes-mexico\\\/\",\"url\":\"https:\\\/\\\/wmp.mx\\\/es\\\/leyes-mexico\\\/\",\"name\":\"Consultora legal para Mexico- WMP Mexico Advisors\",\"isPartOf\":{\"@id\":\"https:\\\/\\\/wmp.mx\\\/#website\"},\"primaryImageOfPage\":{\"@id\":\"https:\\\/\\\/wmp.mx\\\/es\\\/leyes-mexico\\\/#primaryimage\"},\"image\":{\"@id\":\"https:\\\/\\\/wmp.mx\\\/es\\\/leyes-mexico\\\/#primaryimage\"},\"thumbnailUrl\":\"https:\\\/\\\/wmp.mx\\\/UP1\\\/wp-content\\\/uploads\\\/\\\/bbusiness-495x400.jpg\",\"datePublished\":\"2018-10-18T12:16:57+00:00\",\"dateModified\":\"2022-04-13T08:57:34+00:00\",\"description\":\"Nuestra consultora legal ayuda a compa\u00f1\u00edas internacionales de tama\u00f1o mediano en todos los asuntos comerciales, legales y administrativos en Mexico.\",\"breadcrumb\":{\"@id\":\"https:\\\/\\\/wmp.mx\\\/es\\\/leyes-mexico\\\/#breadcrumb\"},\"inLanguage\":\"es-ES\",\"potentialAction\":[{\"@type\":\"ReadAction\",\"target\":[\"https:\\\/\\\/wmp.mx\\\/es\\\/leyes-mexico\\\/\"]}]},{\"@type\":\"ImageObject\",\"inLanguage\":\"es-ES\",\"@id\":\"https:\\\/\\\/wmp.mx\\\/es\\\/leyes-mexico\\\/#primaryimage\",\"url\":\"https:\\\/\\\/wmp.mx\\\/UP1\\\/wp-content\\\/uploads\\\/\\\/bbusiness-495x400.jpg\",\"contentUrl\":\"https:\\\/\\\/wmp.mx\\\/UP1\\\/wp-content\\\/uploads\\\/\\\/bbusiness-495x400.jpg\"},{\"@type\":\"BreadcrumbList\",\"@id\":\"https:\\\/\\\/wmp.mx\\\/es\\\/leyes-mexico\\\/#breadcrumb\",\"itemListElement\":[{\"@type\":\"ListItem\",\"position\":1,\"name\":\"Startseite\",\"item\":\"https:\\\/\\\/wmp.mx\\\/es\\\/inicio\\\/\"},{\"@type\":\"ListItem\",\"position\":2,\"name\":\"Leyes M\u00e9xico\"}]},{\"@type\":\"WebSite\",\"@id\":\"https:\\\/\\\/wmp.mx\\\/#website\",\"url\":\"https:\\\/\\\/wmp.mx\\\/\",\"name\":\"WMP Mexico Advisors\",\"description\":\"Queretaro | Mexiko Stadt | Puebla | Stuttgart | Greenville\",\"potentialAction\":[{\"@type\":\"SearchAction\",\"target\":{\"@type\":\"EntryPoint\",\"urlTemplate\":\"https:\\\/\\\/wmp.mx\\\/?s={search_term_string}\"},\"query-input\":{\"@type\":\"PropertyValueSpecification\",\"valueRequired\":true,\"valueName\":\"search_term_string\"}}],\"inLanguage\":\"es-ES\"}]}<\/script>\n<!-- \/ Yoast SEO plugin. -->","yoast_head_json":{"title":"Consultora legal para Mexico- WMP Mexico Advisors","description":"Nuestra consultora legal ayuda a compa\u00f1\u00edas internacionales de tama\u00f1o mediano en todos los asuntos comerciales, legales y administrativos en Mexico.","robots":{"index":"index","follow":"follow","max-snippet":"max-snippet:-1","max-image-preview":"max-image-preview:large","max-video-preview":"max-video-preview:-1"},"canonical":"https:\/\/wmp.mx\/es\/leyes-mexico\/","og_locale":"es_ES","og_type":"article","og_title":"Consultora legal para Mexico- WMP Mexico Advisors","og_description":"Nuestra consultora legal ayuda a compa\u00f1\u00edas internacionales de tama\u00f1o mediano en todos los asuntos comerciales, legales y administrativos en Mexico.","og_url":"https:\/\/wmp.mx\/es\/leyes-mexico\/","og_site_name":"WMP Mexico Advisors","article_modified_time":"2022-04-13T08:57:34+00:00","og_image":[{"url":"https:\/\/wmp.mx\/UP1\/wp-content\/uploads\/\/bbusiness-495x400.jpg","type":"","width":"","height":""}],"twitter_card":"summary_large_image","twitter_misc":{"Est. reading time":"7 minutes"},"schema":{"@context":"https:\/\/schema.org","@graph":[{"@type":"WebPage","@id":"https:\/\/wmp.mx\/es\/leyes-mexico\/","url":"https:\/\/wmp.mx\/es\/leyes-mexico\/","name":"Consultora legal para Mexico- WMP Mexico Advisors","isPartOf":{"@id":"https:\/\/wmp.mx\/#website"},"primaryImageOfPage":{"@id":"https:\/\/wmp.mx\/es\/leyes-mexico\/#primaryimage"},"image":{"@id":"https:\/\/wmp.mx\/es\/leyes-mexico\/#primaryimage"},"thumbnailUrl":"https:\/\/wmp.mx\/UP1\/wp-content\/uploads\/\/bbusiness-495x400.jpg","datePublished":"2018-10-18T12:16:57+00:00","dateModified":"2022-04-13T08:57:34+00:00","description":"Nuestra consultora legal ayuda a compa\u00f1\u00edas internacionales de tama\u00f1o mediano en todos los asuntos comerciales, legales y administrativos en Mexico.","breadcrumb":{"@id":"https:\/\/wmp.mx\/es\/leyes-mexico\/#breadcrumb"},"inLanguage":"es-ES","potentialAction":[{"@type":"ReadAction","target":["https:\/\/wmp.mx\/es\/leyes-mexico\/"]}]},{"@type":"ImageObject","inLanguage":"es-ES","@id":"https:\/\/wmp.mx\/es\/leyes-mexico\/#primaryimage","url":"https:\/\/wmp.mx\/UP1\/wp-content\/uploads\/\/bbusiness-495x400.jpg","contentUrl":"https:\/\/wmp.mx\/UP1\/wp-content\/uploads\/\/bbusiness-495x400.jpg"},{"@type":"BreadcrumbList","@id":"https:\/\/wmp.mx\/es\/leyes-mexico\/#breadcrumb","itemListElement":[{"@type":"ListItem","position":1,"name":"Startseite","item":"https:\/\/wmp.mx\/es\/inicio\/"},{"@type":"ListItem","position":2,"name":"Leyes M\u00e9xico"}]},{"@type":"WebSite","@id":"https:\/\/wmp.mx\/#website","url":"https:\/\/wmp.mx\/","name":"WMP Mexico Advisors","description":"Queretaro | Mexiko Stadt | Puebla | Stuttgart | Greenville","potentialAction":[{"@type":"SearchAction","target":{"@type":"EntryPoint","urlTemplate":"https:\/\/wmp.mx\/?s={search_term_string}"},"query-input":{"@type":"PropertyValueSpecification","valueRequired":true,"valueName":"search_term_string"}}],"inLanguage":"es-ES"}]}},"_links":{"self":[{"href":"https:\/\/wmp.mx\/es\/wp-json\/wp\/v2\/pages\/3617","targetHints":{"allow":["GET"]}}],"collection":[{"href":"https:\/\/wmp.mx\/es\/wp-json\/wp\/v2\/pages"}],"about":[{"href":"https:\/\/wmp.mx\/es\/wp-json\/wp\/v2\/types\/page"}],"author":[{"embeddable":true,"href":"https:\/\/wmp.mx\/es\/wp-json\/wp\/v2\/users\/1"}],"replies":[{"embeddable":true,"href":"https:\/\/wmp.mx\/es\/wp-json\/wp\/v2\/comments?post=3617"}],"version-history":[{"count":3,"href":"https:\/\/wmp.mx\/es\/wp-json\/wp\/v2\/pages\/3617\/revisions"}],"predecessor-version":[{"id":9316,"href":"https:\/\/wmp.mx\/es\/wp-json\/wp\/v2\/pages\/3617\/revisions\/9316"}],"wp:attachment":[{"href":"https:\/\/wmp.mx\/es\/wp-json\/wp\/v2\/media?parent=3617"}],"curies":[{"name":"wp","href":"https:\/\/api.w.org\/{rel}","templated":true}]}}