{"id":3624,"date":"2018-10-18T14:32:43","date_gmt":"2018-10-18T12:32:43","guid":{"rendered":"https:\/\/wmp.mx\/unternehmensberatung-mexiko\/"},"modified":"2022-04-13T10:57:22","modified_gmt":"2022-04-13T08:57:22","slug":"consultoria-mexico","status":"publish","type":"page","link":"https:\/\/wmp.mx\/es\/consultoria-mexico\/","title":{"rendered":"Consultor\u00eda M\u00e9xico"},"content":{"rendered":"\n<style type=\"text\/css\" data-created_by=\"avia_inline_auto\" id=\"style-css-av-jht9fz32-97ebbcf2db4590be357bf6df6cdf5c34\">\n.avia-section.av-jht9fz32-97ebbcf2db4590be357bf6df6cdf5c34 .av-section-color-overlay{\nopacity:0.8;\nbackground-color:#ffffff;\n}\n<\/style>\n<div id='wmp-tax-accounting'  class='avia-section av-jht9fz32-97ebbcf2db4590be357bf6df6cdf5c34 main_color avia-section-default avia-no-border-styling  avia-builder-el-0  avia-builder-el-no-sibling  avia-bg-style-scroll av-section-color-overlay-active av-minimum-height av-minimum-height-75 av-height-75  container_wrap fullsize'   data-av_minimum_height_pc='75' data-av_min_height_opt='75'><div class=\"av-section-color-overlay-wrap\"><div class=\"av-section-color-overlay\"><\/div><div class='container av-section-cont-open' ><main  role=\"main\" itemprop=\"mainContentOfPage\"  class='template-page content  av-content-full alpha units'><div class='post-entry post-entry-type-page post-entry-3624'><div class='entry-content-wrapper clearfix'>\n\n<style type=\"text\/css\" data-created_by=\"avia_inline_auto\" id=\"style-css-av-l0s7mgg3-a8b0c985cf792fb72549129d3f6c06df\">\n.avia-image-container.av-l0s7mgg3-a8b0c985cf792fb72549129d3f6c06df img.avia_image{\nbox-shadow:none;\n}\n.avia-image-container.av-l0s7mgg3-a8b0c985cf792fb72549129d3f6c06df .av-image-caption-overlay-center{\ncolor:#ffffff;\n}\n<\/style>\n<div  class='avia-image-container av-l0s7mgg3-a8b0c985cf792fb72549129d3f6c06df av-styling- avia-align-left  avia-builder-el-1  el_before_av_textblock  avia-builder-el-first '   itemprop=\"image\" itemscope=\"itemscope\" itemtype=\"https:\/\/schema.org\/ImageObject\" ><div class=\"avia-image-container-inner\"><div class=\"avia-image-overlay-wrap\"><img decoding=\"async\" fetchpriority=\"high\" class='wp-image-9478 avia-img-lazy-loading-not-9478 avia_image ' src=\"https:\/\/wmp.mx\/UP1\/wp-content\/uploads\/WMP-Consulting-1.png\" alt='' title='WMP-Consulting'  height=\"240\" width=\"792\"  itemprop=\"thumbnailUrl\" srcset=\"https:\/\/wmp.mx\/UP1\/wp-content\/uploads\/WMP-Consulting-1.png 792w, https:\/\/wmp.mx\/UP1\/wp-content\/uploads\/WMP-Consulting-1-300x91.png 300w, https:\/\/wmp.mx\/UP1\/wp-content\/uploads\/WMP-Consulting-1-768x233.png 768w, https:\/\/wmp.mx\/UP1\/wp-content\/uploads\/WMP-Consulting-1-705x214.png 705w\" sizes=\"(max-width: 792px) 100vw, 792px\" \/><\/div><\/div><\/div>\n<section  class='av_textblock_section av-jlqu78md-d189f80a6fa6d025445be8fe85aa9d53 '   itemscope=\"itemscope\" itemtype=\"https:\/\/schema.org\/CreativeWork\" ><div class='avia_textblock'  itemprop=\"text\" ><p><img loading=\"lazy\" decoding=\"async\" class=\"alignright size-portfolio wp-image-1471\" src=\"https:\/\/wmp.mx\/UP1\/wp-content\/uploads\/\/consukting-495x400.jpg\" alt=\"\" width=\"495\" height=\"400\" srcset=\"https:\/\/wmp.mx\/UP1\/wp-content\/uploads\/consukting-495x400.jpg 495w, https:\/\/wmp.mx\/UP1\/wp-content\/uploads\/consukting-845x684.jpg 845w\" sizes=\"auto, (max-width: 495px) 100vw, 495px\" \/>WMP Consulting Services es una consultora de negocios especializada en an\u00e1lisis de ubicaci\u00f3n, an\u00e1lisis de mercado, estrategia de penetraci\u00f3n de mercado, gesti\u00f3n de riesgos y b\u00fasqueda de socios de negocios en M\u00e9xico.<\/p>\n<h3>La ubicaci\u00f3n adecuada determina su \u00e9xito<\/h3>\n<p>Dependiendo de sus planes, la elecci\u00f3n de la ubicaci\u00f3n puede tener un gran impacto en el \u00e9xito del negocio. Por lo tanto, no s\u00f3lo lo apoyamos en la b\u00fasqueda de un sitio de producci\u00f3n adecuado, sino tambi\u00e9n en la b\u00fasqueda del edificio adecuado o de una constructora competente para usted.<\/p>\n<p>Para que pueda tener una idea de los diferentes centros de producci\u00f3n en sitio, lo acompa\u00f1amos en un recorrido por los diferentes parques industriales. La b\u00fasqueda espec\u00edfica de proveedores, la comunicaci\u00f3n y la obtenci\u00f3n de informaci\u00f3n detallada le ahorra un tiempo considerable y le da una visi\u00f3n general de las diferentes opciones en M\u00e9xico. Adaptados a sus necesidades en cuanto a precio, espacio y equipamiento b\u00e1sico, lo asesoramos con anticipaci\u00f3n y lo apoyamos en las negociaciones.<\/p>\n<h3>B\u00fasqueda de bienes ra\u00edces<\/h3>\n<p>Ya sea una f\u00e1brica, una bodega u oficina, con gusto lo asesoraremos sobre las especificaciones del edificio y le presentaremos una serie de opciones. Por supuesto, tambi\u00e9n lo apoyaremos en los siguientes pasos, como las negociaciones de contratos.<\/p>\n<h3>B\u00fasqueda de socios comerciales en M\u00e9xico<\/h3>\n<p>Con gusto le ayudamos en la b\u00fasqueda de posibles socios comerciales. Durante una visita en sitio, podemos combinar la b\u00fasqueda de una ubicaci\u00f3n para su proyecto con una visita a empresas extranjeras que ya han logrado entrar al mercado. Adem\u00e1s de valiosos consejos, tambi\u00e9n obtendr\u00e1 experiencia de primera mano sobre los retos, oportunidades y formas de comunicaci\u00f3n en el mercado mexicano.<\/p>\n<p>Seg\u00fan su agenda, estaremos complacidos de organizar una visita a varias instituciones gubernamentales, que tambi\u00e9n informan sobre inversiones, impuestos y diversos programas gubernamentales, para que pueda aclarar diversas preguntas<em>.<\/em><\/p>\n<h3>Estrategias de penetraci\u00f3n de mercado para su empresa en M\u00e9xico<\/h3>\n<p>Considerando sus oportunidades y retos individuales, desarrollamos juntos una estrategia de entrada al mercado local que se adapte de forma precisa y sostenible a sus objetivos.<\/p>\n<p>Aproveche nuestros m\u00e1s de 15 a\u00f1os de experiencia en el mercado mexicano. Nuestra amplia red de contactos y relaciones le garantiza una ventaja competitiva fundamental en la b\u00fasqueda de socios comerciales y proveedores adecuados.<\/p>\n<h3>Manejo de proyectos individuales<\/h3>\n<p>Gracias a nuestros conocimientos locales, administramos proyectos individualmente de manera r\u00e1pida y sin problemas o los acompa\u00f1amos con nuestra experiencia intercultural y, no en \u00faltimo lugar, con nuestra mentalidad pr\u00e1ctica, que hemos adquirido en casi diez a\u00f1os en el mercado mexicano.<\/p>\n<\/div><\/section>\n\n","protected":false},"excerpt":{"rendered":"","protected":false},"author":1,"featured_media":0,"parent":0,"menu_order":0,"comment_status":"closed","ping_status":"closed","template":"","meta":{"footnotes":""},"class_list":["post-3624","page","type-page","status-publish","hentry"],"yoast_head":"<!-- This site is optimized with the Yoast SEO plugin v27.3 - https:\/\/yoast.com\/product\/yoast-seo-wordpress\/ -->\n<title>Consultor\u00eda M\u00e9xico - WMP Mexico Advisors<\/title>\n<meta name=\"description\" content=\"Nuestra consultor\u00eda para M\u00e9xico ofrece todo lo que necesita para sus negocios. Desde an\u00e1lisis de ubicaci\u00f3n y mercado hasta b\u00fasqueda de socios de negocios.\" \/>\n<meta name=\"robots\" content=\"index, follow, max-snippet:-1, max-image-preview:large, max-video-preview:-1\" \/>\n<link rel=\"canonical\" href=\"https:\/\/wmp.mx\/es\/consultoria-mexico\/\" \/>\n<meta property=\"og:locale\" content=\"es_ES\" \/>\n<meta property=\"og:type\" content=\"article\" \/>\n<meta property=\"og:title\" content=\"Consultor\u00eda M\u00e9xico - WMP Mexico Advisors\" \/>\n<meta property=\"og:description\" content=\"Nuestra consultor\u00eda para M\u00e9xico ofrece todo lo que necesita para sus negocios. Desde an\u00e1lisis de ubicaci\u00f3n y mercado hasta b\u00fasqueda de socios de negocios.\" \/>\n<meta property=\"og:url\" content=\"https:\/\/wmp.mx\/es\/consultoria-mexico\/\" \/>\n<meta property=\"og:site_name\" content=\"WMP Mexico Advisors\" \/>\n<meta property=\"article:modified_time\" content=\"2022-04-13T08:57:22+00:00\" \/>\n<meta property=\"og:image\" content=\"https:\/\/wmp.mx\/UP1\/wp-content\/uploads\/\/consukting-495x400.jpg\" \/>\n<meta name=\"twitter:card\" content=\"summary_large_image\" \/>\n<meta name=\"twitter:label1\" content=\"Est. reading time\" \/>\n\t<meta name=\"twitter:data1\" content=\"4 minutes\" \/>\n<script type=\"application\/ld+json\" class=\"yoast-schema-graph\">{\"@context\":\"https:\\\/\\\/schema.org\",\"@graph\":[{\"@type\":\"WebPage\",\"@id\":\"https:\\\/\\\/wmp.mx\\\/es\\\/consultoria-mexico\\\/\",\"url\":\"https:\\\/\\\/wmp.mx\\\/es\\\/consultoria-mexico\\\/\",\"name\":\"Consultor\u00eda M\u00e9xico - WMP Mexico Advisors\",\"isPartOf\":{\"@id\":\"https:\\\/\\\/wmp.mx\\\/#website\"},\"primaryImageOfPage\":{\"@id\":\"https:\\\/\\\/wmp.mx\\\/es\\\/consultoria-mexico\\\/#primaryimage\"},\"image\":{\"@id\":\"https:\\\/\\\/wmp.mx\\\/es\\\/consultoria-mexico\\\/#primaryimage\"},\"thumbnailUrl\":\"https:\\\/\\\/wmp.mx\\\/UP1\\\/wp-content\\\/uploads\\\/\\\/consukting-495x400.jpg\",\"datePublished\":\"2018-10-18T12:32:43+00:00\",\"dateModified\":\"2022-04-13T08:57:22+00:00\",\"description\":\"Nuestra consultor\u00eda para M\u00e9xico ofrece todo lo que necesita para sus negocios. Desde an\u00e1lisis de ubicaci\u00f3n y mercado hasta b\u00fasqueda de socios de negocios.\",\"breadcrumb\":{\"@id\":\"https:\\\/\\\/wmp.mx\\\/es\\\/consultoria-mexico\\\/#breadcrumb\"},\"inLanguage\":\"es-ES\",\"potentialAction\":[{\"@type\":\"ReadAction\",\"target\":[\"https:\\\/\\\/wmp.mx\\\/es\\\/consultoria-mexico\\\/\"]}]},{\"@type\":\"ImageObject\",\"inLanguage\":\"es-ES\",\"@id\":\"https:\\\/\\\/wmp.mx\\\/es\\\/consultoria-mexico\\\/#primaryimage\",\"url\":\"https:\\\/\\\/wmp.mx\\\/UP1\\\/wp-content\\\/uploads\\\/\\\/consukting-495x400.jpg\",\"contentUrl\":\"https:\\\/\\\/wmp.mx\\\/UP1\\\/wp-content\\\/uploads\\\/\\\/consukting-495x400.jpg\"},{\"@type\":\"BreadcrumbList\",\"@id\":\"https:\\\/\\\/wmp.mx\\\/es\\\/consultoria-mexico\\\/#breadcrumb\",\"itemListElement\":[{\"@type\":\"ListItem\",\"position\":1,\"name\":\"Startseite\",\"item\":\"https:\\\/\\\/wmp.mx\\\/es\\\/inicio\\\/\"},{\"@type\":\"ListItem\",\"position\":2,\"name\":\"Consultor\u00eda M\u00e9xico\"}]},{\"@type\":\"WebSite\",\"@id\":\"https:\\\/\\\/wmp.mx\\\/#website\",\"url\":\"https:\\\/\\\/wmp.mx\\\/\",\"name\":\"WMP Mexico Advisors\",\"description\":\"Queretaro | Mexiko Stadt | Puebla | Stuttgart | Greenville\",\"potentialAction\":[{\"@type\":\"SearchAction\",\"target\":{\"@type\":\"EntryPoint\",\"urlTemplate\":\"https:\\\/\\\/wmp.mx\\\/?s={search_term_string}\"},\"query-input\":{\"@type\":\"PropertyValueSpecification\",\"valueRequired\":true,\"valueName\":\"search_term_string\"}}],\"inLanguage\":\"es-ES\"}]}<\/script>\n<!-- \/ Yoast SEO plugin. -->","yoast_head_json":{"title":"Consultor\u00eda M\u00e9xico - WMP Mexico Advisors","description":"Nuestra consultor\u00eda para M\u00e9xico ofrece todo lo que necesita para sus negocios. Desde an\u00e1lisis de ubicaci\u00f3n y mercado hasta b\u00fasqueda de socios de negocios.","robots":{"index":"index","follow":"follow","max-snippet":"max-snippet:-1","max-image-preview":"max-image-preview:large","max-video-preview":"max-video-preview:-1"},"canonical":"https:\/\/wmp.mx\/es\/consultoria-mexico\/","og_locale":"es_ES","og_type":"article","og_title":"Consultor\u00eda M\u00e9xico - WMP Mexico Advisors","og_description":"Nuestra consultor\u00eda para M\u00e9xico ofrece todo lo que necesita para sus negocios. Desde an\u00e1lisis de ubicaci\u00f3n y mercado hasta b\u00fasqueda de socios de negocios.","og_url":"https:\/\/wmp.mx\/es\/consultoria-mexico\/","og_site_name":"WMP Mexico Advisors","article_modified_time":"2022-04-13T08:57:22+00:00","og_image":[{"url":"https:\/\/wmp.mx\/UP1\/wp-content\/uploads\/\/consukting-495x400.jpg","type":"","width":"","height":""}],"twitter_card":"summary_large_image","twitter_misc":{"Est. reading time":"4 minutes"},"schema":{"@context":"https:\/\/schema.org","@graph":[{"@type":"WebPage","@id":"https:\/\/wmp.mx\/es\/consultoria-mexico\/","url":"https:\/\/wmp.mx\/es\/consultoria-mexico\/","name":"Consultor\u00eda M\u00e9xico - WMP Mexico Advisors","isPartOf":{"@id":"https:\/\/wmp.mx\/#website"},"primaryImageOfPage":{"@id":"https:\/\/wmp.mx\/es\/consultoria-mexico\/#primaryimage"},"image":{"@id":"https:\/\/wmp.mx\/es\/consultoria-mexico\/#primaryimage"},"thumbnailUrl":"https:\/\/wmp.mx\/UP1\/wp-content\/uploads\/\/consukting-495x400.jpg","datePublished":"2018-10-18T12:32:43+00:00","dateModified":"2022-04-13T08:57:22+00:00","description":"Nuestra consultor\u00eda para M\u00e9xico ofrece todo lo que necesita para sus negocios. Desde an\u00e1lisis de ubicaci\u00f3n y mercado hasta b\u00fasqueda de socios de negocios.","breadcrumb":{"@id":"https:\/\/wmp.mx\/es\/consultoria-mexico\/#breadcrumb"},"inLanguage":"es-ES","potentialAction":[{"@type":"ReadAction","target":["https:\/\/wmp.mx\/es\/consultoria-mexico\/"]}]},{"@type":"ImageObject","inLanguage":"es-ES","@id":"https:\/\/wmp.mx\/es\/consultoria-mexico\/#primaryimage","url":"https:\/\/wmp.mx\/UP1\/wp-content\/uploads\/\/consukting-495x400.jpg","contentUrl":"https:\/\/wmp.mx\/UP1\/wp-content\/uploads\/\/consukting-495x400.jpg"},{"@type":"BreadcrumbList","@id":"https:\/\/wmp.mx\/es\/consultoria-mexico\/#breadcrumb","itemListElement":[{"@type":"ListItem","position":1,"name":"Startseite","item":"https:\/\/wmp.mx\/es\/inicio\/"},{"@type":"ListItem","position":2,"name":"Consultor\u00eda M\u00e9xico"}]},{"@type":"WebSite","@id":"https:\/\/wmp.mx\/#website","url":"https:\/\/wmp.mx\/","name":"WMP Mexico Advisors","description":"Queretaro | Mexiko Stadt | Puebla | Stuttgart | Greenville","potentialAction":[{"@type":"SearchAction","target":{"@type":"EntryPoint","urlTemplate":"https:\/\/wmp.mx\/?s={search_term_string}"},"query-input":{"@type":"PropertyValueSpecification","valueRequired":true,"valueName":"search_term_string"}}],"inLanguage":"es-ES"}]}},"_links":{"self":[{"href":"https:\/\/wmp.mx\/es\/wp-json\/wp\/v2\/pages\/3624","targetHints":{"allow":["GET"]}}],"collection":[{"href":"https:\/\/wmp.mx\/es\/wp-json\/wp\/v2\/pages"}],"about":[{"href":"https:\/\/wmp.mx\/es\/wp-json\/wp\/v2\/types\/page"}],"author":[{"embeddable":true,"href":"https:\/\/wmp.mx\/es\/wp-json\/wp\/v2\/users\/1"}],"replies":[{"embeddable":true,"href":"https:\/\/wmp.mx\/es\/wp-json\/wp\/v2\/comments?post=3624"}],"version-history":[{"count":3,"href":"https:\/\/wmp.mx\/es\/wp-json\/wp\/v2\/pages\/3624\/revisions"}],"predecessor-version":[{"id":9314,"href":"https:\/\/wmp.mx\/es\/wp-json\/wp\/v2\/pages\/3624\/revisions\/9314"}],"wp:attachment":[{"href":"https:\/\/wmp.mx\/es\/wp-json\/wp\/v2\/media?parent=3624"}],"curies":[{"name":"wp","href":"https:\/\/api.w.org\/{rel}","templated":true}]}}