{"id":3630,"date":"2018-10-18T14:43:41","date_gmt":"2018-10-18T12:43:41","guid":{"rendered":"https:\/\/wmp.mx\/steuerberater\/"},"modified":"2022-04-13T10:57:08","modified_gmt":"2022-04-13T08:57:08","slug":"asesor-fiscal","status":"publish","type":"page","link":"https:\/\/wmp.mx\/es\/asesor-fiscal\/","title":{"rendered":"Asesor Fiscal"},"content":{"rendered":"\n<style type=\"text\/css\" data-created_by=\"avia_inline_auto\" id=\"style-css-av-jht9fz32-97ebbcf2db4590be357bf6df6cdf5c34\">\n.avia-section.av-jht9fz32-97ebbcf2db4590be357bf6df6cdf5c34 .av-section-color-overlay{\nopacity:0.8;\nbackground-color:#ffffff;\n}\n<\/style>\n<div id='wmp-tax-accounting'  class='avia-section av-jht9fz32-97ebbcf2db4590be357bf6df6cdf5c34 main_color avia-section-default avia-no-border-styling  avia-builder-el-0  avia-builder-el-no-sibling  avia-bg-style-scroll av-section-color-overlay-active av-minimum-height av-minimum-height-75 av-height-75  container_wrap fullsize'   data-av_minimum_height_pc='75' data-av_min_height_opt='75'><div class=\"av-section-color-overlay-wrap\"><div class=\"av-section-color-overlay\"><\/div><div class='container av-section-cont-open' ><main  role=\"main\" itemprop=\"mainContentOfPage\"  class='template-page content  av-content-full alpha units'><div class='post-entry post-entry-type-page post-entry-3630'><div class='entry-content-wrapper clearfix'>\n\n<style type=\"text\/css\" data-created_by=\"avia_inline_auto\" id=\"style-css-av-l1xc9c80-2e0ec033c80bb13c824c6f6f97eb0476\">\n.avia-image-container.av-l1xc9c80-2e0ec033c80bb13c824c6f6f97eb0476 img.avia_image{\nbox-shadow:none;\n}\n.avia-image-container.av-l1xc9c80-2e0ec033c80bb13c824c6f6f97eb0476 .av-image-caption-overlay-center{\ncolor:#ffffff;\n}\n<\/style>\n<div  class='avia-image-container av-l1xc9c80-2e0ec033c80bb13c824c6f6f97eb0476 av-styling- avia-align-left  avia-builder-el-1  el_before_av_textblock  avia-builder-el-first '   itemprop=\"image\" itemscope=\"itemscope\" itemtype=\"https:\/\/schema.org\/ImageObject\" ><div class=\"avia-image-container-inner\"><div class=\"avia-image-overlay-wrap\"><img decoding=\"async\" fetchpriority=\"high\" class='wp-image-9482 avia-img-lazy-loading-not-9482 avia_image ' src=\"https:\/\/wmp.mx\/UP1\/wp-content\/uploads\/WMP-Tax.png\" alt='' title='WMP-Tax'  height=\"240\" width=\"792\"  itemprop=\"thumbnailUrl\" srcset=\"https:\/\/wmp.mx\/UP1\/wp-content\/uploads\/WMP-Tax.png 792w, https:\/\/wmp.mx\/UP1\/wp-content\/uploads\/WMP-Tax-300x91.png 300w, https:\/\/wmp.mx\/UP1\/wp-content\/uploads\/WMP-Tax-768x233.png 768w, https:\/\/wmp.mx\/UP1\/wp-content\/uploads\/WMP-Tax-705x214.png 705w\" sizes=\"(max-width: 792px) 100vw, 792px\" \/><\/div><\/div><\/div>\n<section  class='av_textblock_section av-jlqxor28-dc084a17a9c2d9e9f7d404c60acc07ce '   itemscope=\"itemscope\" itemtype=\"https:\/\/schema.org\/CreativeWork\" ><div class='avia_textblock'  itemprop=\"text\" ><p><img loading=\"lazy\" decoding=\"async\" class=\"size-portfolio wp-image-1350 alignright\" src=\"https:\/\/wmp.mx\/UP1\/wp-content\/uploads\/\/steuer-495x400.jpg\" alt=\"\" width=\"495\" height=\"400\" srcset=\"https:\/\/wmp.mx\/UP1\/wp-content\/uploads\/steuer-495x400.jpg 495w, https:\/\/wmp.mx\/UP1\/wp-content\/uploads\/steuer-845x684.jpg 845w\" sizes=\"auto, (max-width: 495px) 100vw, 495px\" \/><\/p>\n<p>WMP Tax I Accounting I Audit es una consultora fiscal internacional especializada en medianas empresas internacionales.<br \/>\nWMP Tax I Accounting I Audit tiene muchos a\u00f1os de experiencia en el mercado mexicano y est\u00e1 familiarizada con las leyes y reglamentos locales. WMP Tax I Accounting I Audit es un socio competente para la asesor\u00eda fiscal, as\u00ed como para los estados financieros mensuales y anuales y es el socio ideal para las filiales extranjeras en M\u00e9xico.<\/p>\n<h3>Consultor\u00eda Fiscal<\/h3>\n<p>Debido al constante cambio y complejidad de la legislaci\u00f3n fiscal, usted necesita un interlocutor competente para la asesor\u00eda fiscal que est\u00e9 perfectamente informado sobre la legislaci\u00f3n fiscal mexicana. Elaboramos los estados financieros mensuales\/anuales en estricto cumplimiento de las normas internacionales.<\/p>\n<p>Aunque usted se enfrente a un gran reto fiscal, puede estar seguro, con nosotros a su lado, de que todas las normas aplicables se cumplir\u00e1n puntualmente y en su totalidad.<br \/>\nDebido a que los elevados anticipos fiscales son una cuesti\u00f3n financiera importante, con gusto nos encargarnos de las devoluciones de impuestos y de sus asuntos con las autoridades fiscales locales, incluyendo las auditor\u00edas fiscales. Para evitar p\u00e9rdidas o largos tiempos de espera, estamos siempre en contacto con las autoridades fiscales responsables en sitio. Tambi\u00e9n podemos ayudarle a fijar los precios de transferencia.<\/p>\n<h3>Contabilidad<\/h3>\n<p>Para garantizar los m\u00e1s altos est\u00e1ndares de calidad, contamos con un equipo de contadores y asesores fiscales mexicanos altamente capacitados bajo la direcci\u00f3n de un gerente de cuentas clave de habla alemana.<\/p>\n<h3>Control y presentaci\u00f3n de informes<\/h3>\n<p>Una vez preparados los estados financieros mensuales y anuales de conformidad con las leyes comerciales y fiscales mexicanas, comun\u00edquese con nuestros gerentes de cuentas clave. Ellos env\u00edan los informes correspondientes directamente a su oficina central y est\u00e1n disponibles para consultas en cualquier momento.<br \/>\nLa presentaci\u00f3n de reportes se realiza con el formato que usted especifique. Es importante para nosotros que nos aseguremos de que los informes sobre el desempe\u00f1o de la compa\u00f1\u00eda sean correctos.<\/p>\n<h3>Reportes de N\u00f3mina<\/h3>\n<p>Una buena contabilidad incluye una n\u00f3mina y un pago igualmente profesional. Gracias a nuestros muchos a\u00f1os de experiencia en contabilidad, podemos encargarnos del pago de la n\u00f3mina completa para el per\u00edodo que usted requiera.<\/p>\n<p>Como la seguridad social tambi\u00e9n tiene un papel importante en M\u00e9xico, estamos en contacto directo con las autoridades responsables del sistema de seguridad social. La presentaci\u00f3n de informes y actualizaciones regulares son particularmente importantes para nosotros. Esto tambi\u00e9n incluye el apoyo en todos los temas de personal.<\/p>\n<h3>Administraci\u00f3n de efectivo y cuentas bancarias<\/h3>\n<p>Nosotros nos encargamos por usted del manejo de efectivo y del banco de su empresa local sobre una base fiduciaria.<br \/>\nDe este modo, aseguramos la \u00f3ptima utilizaci\u00f3n de los fondos l\u00edquidos para evitar problemas de pago y riesgos de insolvencia. Trabajamos con est\u00e1ndares muy altos para mantener los riesgos monetarios y los costos bancarios lo m\u00e1s bajos posible.<br \/>\nPara nosotros, la transparencia y la flexibilidad son algo evidente.<\/p>\n<h3>Facturaci\u00f3n electr\u00f3nica<\/h3>\n<p>Ahorrar tiempo es un requerimiento para todas las empresas. Por lo tanto, le ofrecemos la posibilidad de facturaci\u00f3n digital, lo que le ahorra tiempo y elevados costos. De esta forma, su contabilidad se optimiza adicionalmente y siempre tendr\u00e1 un acceso r\u00e1pido y claro a las facturas importantes.<br \/>\nLas certificaciones electr\u00f3nicas est\u00e1n sujetas a estrictas regulaciones en M\u00e9xico. Por eso ponemos a su disposici\u00f3n nuestro amplio know-how en esta \u00e1rea, para que pueda crear facturas modernas de forma segura y c\u00f3moda.<\/p>\n<h3>Soporte inform\u00e1tico y personalizaci\u00f3n de ERP<\/h3>\n<p>En conjunto con nuestro software contable para M\u00e9xico, tambi\u00e9n podemos llevar su contabilidad utilizando su propio sistema SAP o Navision, y asistirle en la implementaci\u00f3n y ajuste de los requerimientos establecidos en M\u00e9xico.<\/p>\n<h3>Audit<\/h3>\n<p>La auditor\u00eda es una de las m\u00e1s recientes adiciones a la experiencia de nuestra empresa. Los estados financieros auditados de alta calidad son fundamentales para que usted pueda tomar la mejor decisi\u00f3n para su filial mexicana. Nuestro enfoque se basa en un an\u00e1lisis de riesgos que nos permite generar una opini\u00f3n objetiva e independiente sobre los controles internos en la pr\u00e1ctica, los posibles riesgos y el cumplimiento de las normas contables vigentes. Trabajamos estrechamente con usted para construir una relaci\u00f3n s\u00f3lida y proporcionar un servicio personalizado basado en sus necesidades.<\/p>\n<p>Adem\u00e1s de realizar auditor\u00edas con calidad y precisi\u00f3n, colaboramos continuamente con usted para mantenerle al d\u00eda sobre las nuevas normativas que puedan afectar a su negocio.<\/p>\n<p>Nuestros servicios profesionales cumplen con los m\u00e1s altos est\u00e1ndares nacionales e internacionales.<\/p>\n<\/div><\/section>\n\n","protected":false},"excerpt":{"rendered":"","protected":false},"author":1,"featured_media":0,"parent":0,"menu_order":0,"comment_status":"closed","ping_status":"closed","template":"","meta":{"footnotes":""},"class_list":["post-3630","page","type-page","status-publish","hentry"],"yoast_head":"<!-- This site is optimized with the Yoast SEO plugin v27.4 - https:\/\/yoast.com\/product\/yoast-seo-wordpress\/ -->\n<title>Asesor Fiscal para M\u00e9xico - WMP Mexico Advisors<\/title>\n<meta name=\"description\" content=\"Con muchos a\u00f1os de experiencia en el mercado mexicano somos el asesor fiscal ideal para las filiales extranjeras en M\u00e9xico.\" \/>\n<meta name=\"robots\" content=\"index, follow, max-snippet:-1, max-image-preview:large, max-video-preview:-1\" \/>\n<link rel=\"canonical\" href=\"https:\/\/wmp.mx\/es\/asesor-fiscal\/\" \/>\n<meta property=\"og:locale\" content=\"es_ES\" \/>\n<meta property=\"og:type\" content=\"article\" \/>\n<meta property=\"og:title\" content=\"Asesor Fiscal para M\u00e9xico - WMP Mexico Advisors\" \/>\n<meta property=\"og:description\" content=\"Con muchos a\u00f1os de experiencia en el mercado mexicano somos el asesor fiscal ideal para las filiales extranjeras en M\u00e9xico.\" \/>\n<meta property=\"og:url\" content=\"https:\/\/wmp.mx\/es\/asesor-fiscal\/\" \/>\n<meta property=\"og:site_name\" content=\"WMP Mexico Advisors\" \/>\n<meta property=\"article:modified_time\" content=\"2022-04-13T08:57:08+00:00\" \/>\n<meta property=\"og:image\" content=\"https:\/\/wmp.mx\/UP1\/wp-content\/uploads\/\/steuer-495x400.jpg\" \/>\n<meta name=\"twitter:card\" content=\"summary_large_image\" \/>\n<meta name=\"twitter:label1\" content=\"Est. reading time\" \/>\n\t<meta name=\"twitter:data1\" content=\"5 minutes\" \/>\n<script type=\"application\/ld+json\" class=\"yoast-schema-graph\">{\"@context\":\"https:\\\/\\\/schema.org\",\"@graph\":[{\"@type\":\"WebPage\",\"@id\":\"https:\\\/\\\/wmp.mx\\\/es\\\/asesor-fiscal\\\/\",\"url\":\"https:\\\/\\\/wmp.mx\\\/es\\\/asesor-fiscal\\\/\",\"name\":\"Asesor Fiscal para M\u00e9xico - WMP Mexico Advisors\",\"isPartOf\":{\"@id\":\"https:\\\/\\\/wmp.mx\\\/#website\"},\"primaryImageOfPage\":{\"@id\":\"https:\\\/\\\/wmp.mx\\\/es\\\/asesor-fiscal\\\/#primaryimage\"},\"image\":{\"@id\":\"https:\\\/\\\/wmp.mx\\\/es\\\/asesor-fiscal\\\/#primaryimage\"},\"thumbnailUrl\":\"https:\\\/\\\/wmp.mx\\\/UP1\\\/wp-content\\\/uploads\\\/\\\/steuer-495x400.jpg\",\"datePublished\":\"2018-10-18T12:43:41+00:00\",\"dateModified\":\"2022-04-13T08:57:08+00:00\",\"description\":\"Con muchos a\u00f1os de experiencia en el mercado mexicano somos el asesor fiscal ideal para las filiales extranjeras en M\u00e9xico.\",\"breadcrumb\":{\"@id\":\"https:\\\/\\\/wmp.mx\\\/es\\\/asesor-fiscal\\\/#breadcrumb\"},\"inLanguage\":\"es-ES\",\"potentialAction\":[{\"@type\":\"ReadAction\",\"target\":[\"https:\\\/\\\/wmp.mx\\\/es\\\/asesor-fiscal\\\/\"]}]},{\"@type\":\"ImageObject\",\"inLanguage\":\"es-ES\",\"@id\":\"https:\\\/\\\/wmp.mx\\\/es\\\/asesor-fiscal\\\/#primaryimage\",\"url\":\"https:\\\/\\\/wmp.mx\\\/UP1\\\/wp-content\\\/uploads\\\/\\\/steuer-495x400.jpg\",\"contentUrl\":\"https:\\\/\\\/wmp.mx\\\/UP1\\\/wp-content\\\/uploads\\\/\\\/steuer-495x400.jpg\"},{\"@type\":\"BreadcrumbList\",\"@id\":\"https:\\\/\\\/wmp.mx\\\/es\\\/asesor-fiscal\\\/#breadcrumb\",\"itemListElement\":[{\"@type\":\"ListItem\",\"position\":1,\"name\":\"Startseite\",\"item\":\"https:\\\/\\\/wmp.mx\\\/es\\\/inicio\\\/\"},{\"@type\":\"ListItem\",\"position\":2,\"name\":\"Asesor Fiscal\"}]},{\"@type\":\"WebSite\",\"@id\":\"https:\\\/\\\/wmp.mx\\\/#website\",\"url\":\"https:\\\/\\\/wmp.mx\\\/\",\"name\":\"WMP Mexico Advisors\",\"description\":\"Queretaro | Mexiko Stadt | Puebla | Stuttgart | Greenville\",\"potentialAction\":[{\"@type\":\"SearchAction\",\"target\":{\"@type\":\"EntryPoint\",\"urlTemplate\":\"https:\\\/\\\/wmp.mx\\\/?s={search_term_string}\"},\"query-input\":{\"@type\":\"PropertyValueSpecification\",\"valueRequired\":true,\"valueName\":\"search_term_string\"}}],\"inLanguage\":\"es-ES\"}]}<\/script>\n<!-- \/ Yoast SEO plugin. -->","yoast_head_json":{"title":"Asesor Fiscal para M\u00e9xico - WMP Mexico Advisors","description":"Con muchos a\u00f1os de experiencia en el mercado mexicano somos el asesor fiscal ideal para las filiales extranjeras en M\u00e9xico.","robots":{"index":"index","follow":"follow","max-snippet":"max-snippet:-1","max-image-preview":"max-image-preview:large","max-video-preview":"max-video-preview:-1"},"canonical":"https:\/\/wmp.mx\/es\/asesor-fiscal\/","og_locale":"es_ES","og_type":"article","og_title":"Asesor Fiscal para M\u00e9xico - WMP Mexico Advisors","og_description":"Con muchos a\u00f1os de experiencia en el mercado mexicano somos el asesor fiscal ideal para las filiales extranjeras en M\u00e9xico.","og_url":"https:\/\/wmp.mx\/es\/asesor-fiscal\/","og_site_name":"WMP Mexico Advisors","article_modified_time":"2022-04-13T08:57:08+00:00","og_image":[{"url":"https:\/\/wmp.mx\/UP1\/wp-content\/uploads\/\/steuer-495x400.jpg","type":"","width":"","height":""}],"twitter_card":"summary_large_image","twitter_misc":{"Est. reading time":"5 minutes"},"schema":{"@context":"https:\/\/schema.org","@graph":[{"@type":"WebPage","@id":"https:\/\/wmp.mx\/es\/asesor-fiscal\/","url":"https:\/\/wmp.mx\/es\/asesor-fiscal\/","name":"Asesor Fiscal para M\u00e9xico - WMP Mexico Advisors","isPartOf":{"@id":"https:\/\/wmp.mx\/#website"},"primaryImageOfPage":{"@id":"https:\/\/wmp.mx\/es\/asesor-fiscal\/#primaryimage"},"image":{"@id":"https:\/\/wmp.mx\/es\/asesor-fiscal\/#primaryimage"},"thumbnailUrl":"https:\/\/wmp.mx\/UP1\/wp-content\/uploads\/\/steuer-495x400.jpg","datePublished":"2018-10-18T12:43:41+00:00","dateModified":"2022-04-13T08:57:08+00:00","description":"Con muchos a\u00f1os de experiencia en el mercado mexicano somos el asesor fiscal ideal para las filiales extranjeras en M\u00e9xico.","breadcrumb":{"@id":"https:\/\/wmp.mx\/es\/asesor-fiscal\/#breadcrumb"},"inLanguage":"es-ES","potentialAction":[{"@type":"ReadAction","target":["https:\/\/wmp.mx\/es\/asesor-fiscal\/"]}]},{"@type":"ImageObject","inLanguage":"es-ES","@id":"https:\/\/wmp.mx\/es\/asesor-fiscal\/#primaryimage","url":"https:\/\/wmp.mx\/UP1\/wp-content\/uploads\/\/steuer-495x400.jpg","contentUrl":"https:\/\/wmp.mx\/UP1\/wp-content\/uploads\/\/steuer-495x400.jpg"},{"@type":"BreadcrumbList","@id":"https:\/\/wmp.mx\/es\/asesor-fiscal\/#breadcrumb","itemListElement":[{"@type":"ListItem","position":1,"name":"Startseite","item":"https:\/\/wmp.mx\/es\/inicio\/"},{"@type":"ListItem","position":2,"name":"Asesor Fiscal"}]},{"@type":"WebSite","@id":"https:\/\/wmp.mx\/#website","url":"https:\/\/wmp.mx\/","name":"WMP Mexico Advisors","description":"Queretaro | Mexiko Stadt | Puebla | Stuttgart | Greenville","potentialAction":[{"@type":"SearchAction","target":{"@type":"EntryPoint","urlTemplate":"https:\/\/wmp.mx\/?s={search_term_string}"},"query-input":{"@type":"PropertyValueSpecification","valueRequired":true,"valueName":"search_term_string"}}],"inLanguage":"es-ES"}]}},"_links":{"self":[{"href":"https:\/\/wmp.mx\/es\/wp-json\/wp\/v2\/pages\/3630","targetHints":{"allow":["GET"]}}],"collection":[{"href":"https:\/\/wmp.mx\/es\/wp-json\/wp\/v2\/pages"}],"about":[{"href":"https:\/\/wmp.mx\/es\/wp-json\/wp\/v2\/types\/page"}],"author":[{"embeddable":true,"href":"https:\/\/wmp.mx\/es\/wp-json\/wp\/v2\/users\/1"}],"replies":[{"embeddable":true,"href":"https:\/\/wmp.mx\/es\/wp-json\/wp\/v2\/comments?post=3630"}],"version-history":[{"count":4,"href":"https:\/\/wmp.mx\/es\/wp-json\/wp\/v2\/pages\/3630\/revisions"}],"predecessor-version":[{"id":9526,"href":"https:\/\/wmp.mx\/es\/wp-json\/wp\/v2\/pages\/3630\/revisions\/9526"}],"wp:attachment":[{"href":"https:\/\/wmp.mx\/es\/wp-json\/wp\/v2\/media?parent=3630"}],"curies":[{"name":"wp","href":"https:\/\/api.w.org\/{rel}","templated":true}]}}